{"id":394,"date":"2023-03-13T17:03:41","date_gmt":"2023-03-13T17:03:41","guid":{"rendered":"https:\/\/elementstulum.com\/offers\/"},"modified":"2023-07-27T08:34:59","modified_gmt":"2023-07-27T08:34:59","slug":"ofertas","status":"publish","type":"page","link":"https:\/\/elementstulum.com\/es\/ofertas\/","title":{"rendered":"Ofertas"},"content":{"rendered":"<div class=\"wpb-content-wrapper\"><p>[vc_row full_width=\u00bbstretch_row_content_no_spaces\u00bb bg_type=\u00bbbg_color\u00bb bg_color_value=\u00bb#ebe3db\u00bb][vc_column][vc_single_image image=\u00bb372&#8243; img_size=\u00bb1920&#215;740&#8243; alignment=\u00bbcenter\u00bb][\/vc_column][\/vc_row][vc_row full_width=\u00bbstretch_row\u00bb gap=\u00bb30&#8243; bg_type=\u00bbbg_color\u00bb bg_color_value=\u00bb#ebe3db\u00bb][vc_column width=\u00bb1\/2&#8243; offset=\u00bbvc_hidden-md vc_hidden-sm vc_hidden-xs\u00bb]<div class=\"ult-spacer spacer-69f4b9376a2f5\" data-id=\"69f4b9376a2f5\" data-height=\"30\" data-height-mobile=\"15\" data-height-tab=\"20\" data-height-tab-portrait=\"15\" data-height-mobile-landscape=\"15\" style=\"clear:both;display:block;\"><\/div>[vc_single_image image=\u00bb375&#8243; img_size=\u00bb600&#215;500&#8243; alignment=\u00bbcenter\u00bb style=\u00bbvc_box_outline\u00bb border_color=\u00bbwhite\u00bb][\/vc_column][vc_column width=\u00bb1\/2&#8243;]<div class=\"ult-spacer spacer-69f4b9376a32c\" data-id=\"69f4b9376a32c\" data-height=\"50\" data-height-mobile=\"5\" data-height-tab=\"5\" data-height-tab-portrait=\"5\" data-height-mobile-landscape=\"5\" style=\"clear:both;display:block;\"><\/div>[vc_custom_heading text=\u00bb-10% PARA HUESPEDES REPETITIVOS\u00bb font_container=\u00bbtag:h1|font_size:18|text_align:left|color:%234c4b4b\u00bb google_fonts=\u00bbfont_family:Open%20Sans%3A300%2C300italic%2Cregular%2Citalic%2C600%2C600italic%2C700%2C700italic%2C800%2C800italic|font_style:400%20regular%3A400%3Anormal\u00bb][vc_custom_heading text=\u00bbRegresa y Ahorra!\u00bb font_container=\u00bbtag:h2|font_size:35|text_align:left|color:%234c4b4b\u00bb google_fonts=\u00bbfont_family:Roboto%3A100%2C100italic%2C300%2C300italic%2Cregular%2Citalic%2C500%2C500italic%2C700%2C700italic%2C900%2C900italic|font_style:400%20regular%3A400%3Anormal\u00bb][vc_separator color=\u00bbcustom\u00bb align=\u00bbalign_left\u00bb border_width=\u00bb3&#8243; el_width=\u00bb20&#8243; accent_color=\u00bb#dcd3d0&#8243;][vc_column_text]<\/p>\n<p style=\"text-align: left; font-size: 16px; color: #4c4b4b; font-family: Open Sans; line-height: 1.5;\">Reserva tu estancia de nuevo y disfruta de un 10% de descuento. Aprovecha de este fant\u00e1stico incentivo que Elements Tulum Boutique Hotel ofrece a sus clientes m\u00e1s fieles. Con este descuento, puedes disfrutar de nuestros servicios de primera categor\u00eda a un precio a\u00fan m\u00e1s accesible.<\/p>\n<p>[\/vc_column_text][vc_column_text]<\/p>\n<p style=\"text-align: left; font-size: 16px; color: #4c4b4b; font-family: Open Sans; line-height: 1.5;\">Pide tu c\u00f3digo y ahorra!<\/p>\n<p>[\/vc_column_text]<div class=\" ubtn-ctn-left popmake-387\"><button type=\"button\" id=\"ubtn-8494\"  class=\"ubtn ult-adjust-bottom-margin ult-responsive ubtn-custom ubtn-no-hover-bg  none  ubtn-left popmake-387  tooltip-69f4b9376a35c\"  data-hover=\"#ffffff\" data-border-color=\"#ebcaba\" data-bg=\"#e9d4c3\" data-hover-bg=\"#ebcaba\" data-border-hover=\"#ebcaba\" data-shadow-hover=\"\" data-shadow-click=\"none\" data-shadow=\"\" data-shd-shadow=\"\"  data-ultimate-target='#ubtn-8494'  data-responsive-json-new='{\"font-size\":\"desktop:15px;\",\"line-height\":\"\"}'  style=\"font-weight:normal;width:150px;min-height:45px;padding:px px;border-radius:30px;border-width:1px;border-color:#ebcaba;border-style:solid;background: #e9d4c3;color: #4c4b4b;\"><span class=\"ubtn-hover\" style=\"background-color:#ebcaba\"><\/span><span class=\"ubtn-data ubtn-text \" >PEDIR CODIGO<\/span><\/button><\/div><div class=\"ult-spacer spacer-69f4b9376a3e2\" data-id=\"69f4b9376a3e2\" data-height=\"35\" data-height-mobile=\"15\" data-height-tab=\"15\" data-height-tab-portrait=\"15\" data-height-mobile-landscape=\"15\" style=\"clear:both;display:block;\"><\/div>[vc_column_text]<\/p>\n<p style=\"text-align: left; font-size: 13px; color: #4c4b4b; font-family: Open Sans; line-height: 1.5;\">**Esta promo es v\u00e1lida s\u00f3lo para reservas a trav\u00e9s de nuestra p\u00e1gina web y\/o canales directos.<\/p>\n<p>[\/vc_column_text][\/vc_column][vc_column offset=\u00bbvc_hidden-md vc_hidden-sm vc_hidden-xs\u00bb]<div class=\"ult-spacer spacer-69f4b9376a401\" data-id=\"69f4b9376a401\" data-height=\"50\" data-height-mobile=\"1\" data-height-tab=\"1\" data-height-tab-portrait=\"1\" data-height-mobile-landscape=\"1\" style=\"clear:both;display:block;\"><\/div>[\/vc_column][\/vc_row][vc_row full_width=\u00bbstretch_row_content_no_spaces\u00bb css=\u00bb.vc_custom_1649171370798{margin-bottom: -50px !important;padding-bottom: -40px !important;background-color: #ebe3db !important;}\u00bb][vc_column offset=\u00bbvc_hidden-lg\u00bb][vc_single_image image=\u00bb375&#8243; img_size=\u00bb600&#215;500&#8243; alignment=\u00bbcenter\u00bb][\/vc_column][\/vc_row][vc_row full_width=\u00bbstretch_row\u00bb bg_type=\u00bbimage\u00bb parallax_style=\u00bbvcpb-default\u00bb bg_image_new=\u00bbid^44|url^https:\/\/elementstulum.com\/wp-content\/uploads\/2022\/04\/home-elments-bg-white-1920&#215;1000-2.jpg|caption^null|alt^about elements boutique hotel tulum|title^home-elments-bg-white-1920&#215;1000|description^null\u00bb bg_image_repeat=\u00bbno-repeat\u00bb bg_img_attach=\u00bbfixed\u00bb enable_overlay=\u00bbenable_overlay_value\u00bb overlay_color=\u00bbrgba(255,255,255,0.83)\u00bb][vc_column width=\u00bb1\/2&#8243; offset=\u00bbvc_hidden-lg vc_hidden-md vc_hidden-sm vc_hidden-xs\u00bb]<div class=\"ult-spacer spacer-69f4b9376a41e\" data-id=\"69f4b9376a41e\" data-height=\"70\" data-height-mobile=\"35\" data-height-tab=\"35\" data-height-tab-portrait=\"35\" data-height-mobile-landscape=\"35\" style=\"clear:both;display:block;\"><\/div>[vc_custom_heading text=\u00bbPROMO MASAJES\u00bb font_container=\u00bbtag:h4|font_size:18|text_align:left|color:%234c4b4b\u00bb google_fonts=\u00bbfont_family:Open%20Sans%3A300%2C300italic%2Cregular%2Citalic%2C600%2C600italic%2C700%2C700italic%2C800%2C800italic|font_style:400%20regular%3A400%3Anormal\u00bb][vc_custom_heading text=\u00bb2X1 en Masaje Relajante\u00bb font_container=\u00bbtag:h5|font_size:35|text_align:left|color:%234c4b4b\u00bb google_fonts=\u00bbfont_family:Roboto%3A100%2C100italic%2C300%2C300italic%2Cregular%2Citalic%2C500%2C500italic%2C700%2C700italic%2C900%2C900italic|font_style:400%20regular%3A400%3Anormal\u00bb][vc_separator color=\u00bbcustom\u00bb align=\u00bbalign_left\u00bb border_width=\u00bb3&#8243; el_width=\u00bb20&#8243; accent_color=\u00bb#dcd3d0&#8243;][vc_column_text]<\/p>\n<p style=\"text-align: left; font-size: 16px; color: #4c4b4b; font-family: Open Sans; line-height: 1.5;\">\u00bfNecesitas un descanso de tu apretada agenda? Si es as\u00ed, entonces es el momento de disfrutar de una pausa necesaria con nuestra promoci\u00f3n 2X1 en Masaje Relajante (60 min.) en nuestra Spa.<br \/>\nNuestro equipo de masajistas experimentados trabajar\u00e1 su magia para ayudarte a relajarte y desestresarte. Con nuestra oferta 2X1, puedes traer a un amigo o un ser querido y disfrutar de un momento especial juntos.<\/p>\n<p>[\/vc_column_text][vc_column_text]<\/p>\n<p style=\"text-align: left; font-size: 16px; color: #4c4b4b; font-family: Open Sans; line-height: 1.5;\">$ 145 USD<\/p>\n<p>[\/vc_column_text]<div class=\" ubtn-ctn-left popmake-390\"><button type=\"button\" id=\"ubtn-5479\"  class=\"ubtn ult-adjust-bottom-margin ult-responsive ubtn-custom ubtn-no-hover-bg  none  ubtn-left popmake-390  tooltip-69f4b9376a445\"  data-hover=\"#ffffff\" data-border-color=\"#ebcaba\" data-bg=\"#e9d4c3\" data-hover-bg=\"#ebcaba\" data-border-hover=\"#ebcaba\" data-shadow-hover=\"\" data-shadow-click=\"none\" data-shadow=\"\" data-shd-shadow=\"\"  data-ultimate-target='#ubtn-5479'  data-responsive-json-new='{\"font-size\":\"desktop:15px;\",\"line-height\":\"\"}'  style=\"font-weight:normal;width:150px;min-height:45px;padding:px px;border-radius:30px;border-width:1px;border-color:#ebcaba;border-style:solid;background: #e9d4c3;color: #4c4b4b;\"><span class=\"ubtn-hover\" style=\"background-color:#ebcaba\"><\/span><span class=\"ubtn-data ubtn-text \" >RESERVAR<\/span><\/button><\/div><div class=\"ult-spacer spacer-69f4b9376a485\" data-id=\"69f4b9376a485\" data-height=\"35\" data-height-mobile=\"15\" data-height-tab=\"15\" data-height-tab-portrait=\"15\" data-height-mobile-landscape=\"15\" style=\"clear:both;display:block;\"><\/div>[vc_column_text]<\/p>\n<p style=\"text-align: left; font-size: 13px; color: #4c4b4b; font-family: Open Sans; line-height: 1.5;\">*Esta promo es v\u00e1lida s\u00f3lo para reservas a trav\u00e9s de nuestra p\u00e1gina web y\/o canales directos.<br \/>\n** Esta promo no se puede combinar con otras promociones sobre los mismos servicios.<\/p>\n<p>[\/vc_column_text][\/vc_column][vc_column width=\u00bb1\/2&#8243; offset=\u00bbvc_hidden-lg vc_hidden-md vc_hidden-sm vc_hidden-xs\u00bb]<div class=\"ult-spacer spacer-69f4b9376a4a0\" data-id=\"69f4b9376a4a0\" data-height=\"70\" data-height-mobile=\"1\" data-height-tab=\"1\" data-height-tab-portrait=\"1\" data-height-mobile-landscape=\"1\" style=\"clear:both;display:block;\"><\/div>[vc_single_image image=\u00bb378&#8243; img_size=\u00bb600&#215;500&#8243; alignment=\u00bbcenter\u00bb][\/vc_column][vc_column offset=\u00bbvc_hidden-lg vc_hidden-md vc_hidden-sm vc_hidden-xs\u00bb]<div class=\"ult-spacer spacer-69f4b9376a4c0\" data-id=\"69f4b9376a4c0\" data-height=\"40\" data-height-mobile=\"35\" data-height-tab=\"25\" data-height-tab-portrait=\"35\" data-height-mobile-landscape=\"35\" style=\"clear:both;display:block;\"><\/div>[\/vc_column][\/vc_row][vc_row full_width=\u00bbstretch_row_content_no_spaces\u00bb css=\u00bb.vc_custom_1678730656793{margin-bottom: -50px !important;padding-bottom: -40px !important;background-position: center !important;background-repeat: no-repeat !important;background-size: contain !important;}\u00bb][vc_column offset=\u00bbvc_hidden-lg vc_hidden-md vc_hidden-sm vc_hidden-xs\u00bb][vc_single_image image=\u00bb378&#8243; img_size=\u00bb600&#215;500&#8243; alignment=\u00bbcenter\u00bb][\/vc_column][\/vc_row]<\/p>\n<\/div>","protected":false},"excerpt":{"rendered":"<p>[vc_row full_width=\u00bbstretch_row_content_no_spaces\u00bb bg_type=\u00bbbg_color\u00bb bg_color_value=\u00bb#ebe3db\u00bb][vc_column][vc_single_image image=\u00bb372&#8243; img_size=\u00bb1920&#215;740&#8243; alignment=\u00bbcenter\u00bb][\/vc_column][\/vc_row][vc_row full_width=\u00bbstretch_row\u00bb gap=\u00bb30&#8243; bg_type=\u00bbbg_color\u00bb bg_color_value=\u00bb#ebe3db\u00bb][vc_column width=\u00bb1\/2&#8243; offset=\u00bbvc_hidden-md vc_hidden-sm vc_hidden-xs\u00bb][vc_single_image image=\u00bb375&#8243; img_size=\u00bb600&#215;500&#8243; alignment=\u00bbcenter\u00bb style=\u00bbvc_box_outline\u00bb border_color=\u00bbwhite\u00bb][\/vc_column][vc_column width=\u00bb1\/2&#8243;][vc_custom_heading text=\u00bb-10% PARA HUESPEDES REPETITIVOS\u00bb font_container=\u00bbtag:h1|font_size:18|text_align:left|color:%234c4b4b\u00bb google_fonts=\u00bbfont_family:Open%20Sans%3A300%2C300italic%2Cregular%2Citalic%2C600%2C600italic%2C700%2C700italic%2C800%2C800italic|font_style:400%20regular%3A400%3Anormal\u00bb][vc_custom_heading text=\u00bbRegresa y Ahorra!\u00bb font_container=\u00bbtag:h2|font_size:35|text_align:left|color:%234c4b4b\u00bb google_fonts=\u00bbfont_family:Roboto%3A100%2C100italic%2C300%2C300italic%2Cregular%2Citalic%2C500%2C500italic%2C700%2C700italic%2C900%2C900italic|font_style:400%20regular%3A400%3Anormal\u00bb][vc_separator color=\u00bbcustom\u00bb align=\u00bbalign_left\u00bb border_width=\u00bb3&#8243; el_width=\u00bb20&#8243; accent_color=\u00bb#dcd3d0&#8243;][vc_column_text] Reserva tu estancia de nuevo y disfruta de un 10% de descuento. Aprovecha de este fant\u00e1stico incentivo que [&hellip;]<\/p>\n","protected":false},"author":1,"featured_media":0,"parent":0,"menu_order":0,"comment_status":"closed","ping_status":"closed","template":"","meta":{"_joinchat":[],"footnotes":""},"class_list":["post-394","page","type-page","status-publish","hentry"],"yoast_head":"<!-- This site is optimized with the Yoast SEO plugin v26.0 - https:\/\/yoast.com\/wordpress\/plugins\/seo\/ -->\n<title>Descuento en Tarifas y Promo Especiales | Elements Hotel Tulum |<\/title>\n<meta name=\"description\" content=\"Descuentos en tarifas de habitaciones y promociones especiales en nuestros servicios para una estancia de primera a un mejor precio.\" \/>\n<meta name=\"robots\" content=\"index, follow, max-snippet:-1, max-image-preview:large, max-video-preview:-1\" \/>\n<link rel=\"canonical\" href=\"https:\/\/elementstulum.com\/es\/ofertas\/\" \/>\n<meta property=\"og:locale\" content=\"es_ES\" \/>\n<meta property=\"og:type\" content=\"article\" \/>\n<meta property=\"og:title\" content=\"Descuento en Tarifas y Promo Especiales | Elements Hotel Tulum |\" \/>\n<meta property=\"og:description\" content=\"Descuentos en tarifas de habitaciones y promociones especiales en nuestros servicios para una estancia de primera a un mejor precio.\" \/>\n<meta property=\"og:url\" content=\"https:\/\/elementstulum.com\/es\/ofertas\/\" \/>\n<meta property=\"og:site_name\" content=\"Elements Hotel Tulum\" \/>\n<meta property=\"article:modified_time\" content=\"2023-07-27T08:34:59+00:00\" \/>\n<meta property=\"og:image\" content=\"https:\/\/elementstulum.com\/wp-content\/uploads\/2023\/03\/offers-elements-1920x740-1.jpg\" \/>\n\t<meta property=\"og:image:width\" content=\"1920\" \/>\n\t<meta property=\"og:image:height\" content=\"740\" \/>\n\t<meta property=\"og:image:type\" content=\"image\/jpeg\" \/>\n<meta name=\"twitter:card\" content=\"summary_large_image\" \/>\n<meta name=\"twitter:label1\" content=\"Tiempo de lectura\" \/>\n\t<meta name=\"twitter:data1\" content=\"2 minutos\" \/>\n<script type=\"application\/ld+json\" class=\"yoast-schema-graph\">{\"@context\":\"https:\/\/schema.org\",\"@graph\":[{\"@type\":\"WebPage\",\"@id\":\"https:\/\/elementstulum.com\/es\/ofertas\/\",\"url\":\"https:\/\/elementstulum.com\/es\/ofertas\/\",\"name\":\"Descuento en Tarifas y Promo Especiales | Elements Hotel Tulum |\",\"isPartOf\":{\"@id\":\"https:\/\/elementstulum.com\/#website\"},\"datePublished\":\"2023-03-13T17:03:41+00:00\",\"dateModified\":\"2023-07-27T08:34:59+00:00\",\"description\":\"Descuentos en tarifas de habitaciones y promociones especiales en nuestros servicios para una estancia de primera a un mejor precio.\",\"breadcrumb\":{\"@id\":\"https:\/\/elementstulum.com\/es\/ofertas\/#breadcrumb\"},\"inLanguage\":\"es\",\"potentialAction\":[{\"@type\":\"ReadAction\",\"target\":[\"https:\/\/elementstulum.com\/es\/ofertas\/\"]}]},{\"@type\":\"BreadcrumbList\",\"@id\":\"https:\/\/elementstulum.com\/es\/ofertas\/#breadcrumb\",\"itemListElement\":[{\"@type\":\"ListItem\",\"position\":1,\"name\":\"Home\",\"item\":\"https:\/\/elementstulum.com\/es\/\"},{\"@type\":\"ListItem\",\"position\":2,\"name\":\"Ofertas\"}]},{\"@type\":\"WebSite\",\"@id\":\"https:\/\/elementstulum.com\/#website\",\"url\":\"https:\/\/elementstulum.com\/\",\"name\":\"Elements Hotel Tulum\",\"description\":\"Boutique Hotel in Tulum\",\"publisher\":{\"@id\":\"https:\/\/elementstulum.com\/#organization\"},\"potentialAction\":[{\"@type\":\"SearchAction\",\"target\":{\"@type\":\"EntryPoint\",\"urlTemplate\":\"https:\/\/elementstulum.com\/?s={search_term_string}\"},\"query-input\":{\"@type\":\"PropertyValueSpecification\",\"valueRequired\":true,\"valueName\":\"search_term_string\"}}],\"inLanguage\":\"es\"},{\"@type\":\"Organization\",\"@id\":\"https:\/\/elementstulum.com\/#organization\",\"name\":\"Elements Boutique Hotel Tulum\",\"url\":\"https:\/\/elementstulum.com\/\",\"logo\":{\"@type\":\"ImageObject\",\"inLanguage\":\"es\",\"@id\":\"https:\/\/elementstulum.com\/#\/schema\/logo\/image\/\",\"url\":\"https:\/\/elementstulum.com\/wp-content\/uploads\/2022\/04\/logo-elements-291x69-1.png\",\"contentUrl\":\"https:\/\/elementstulum.com\/wp-content\/uploads\/2022\/04\/logo-elements-291x69-1.png\",\"width\":291,\"height\":69,\"caption\":\"Elements Boutique Hotel Tulum\"},\"image\":{\"@id\":\"https:\/\/elementstulum.com\/#\/schema\/logo\/image\/\"}}]}<\/script>\n<!-- \/ Yoast SEO plugin. -->","yoast_head_json":{"title":"Descuento en Tarifas y Promo Especiales | Elements Hotel Tulum |","description":"Descuentos en tarifas de habitaciones y promociones especiales en nuestros servicios para una estancia de primera a un mejor precio.","robots":{"index":"index","follow":"follow","max-snippet":"max-snippet:-1","max-image-preview":"max-image-preview:large","max-video-preview":"max-video-preview:-1"},"canonical":"https:\/\/elementstulum.com\/es\/ofertas\/","og_locale":"es_ES","og_type":"article","og_title":"Descuento en Tarifas y Promo Especiales | Elements Hotel Tulum |","og_description":"Descuentos en tarifas de habitaciones y promociones especiales en nuestros servicios para una estancia de primera a un mejor precio.","og_url":"https:\/\/elementstulum.com\/es\/ofertas\/","og_site_name":"Elements Hotel Tulum","article_modified_time":"2023-07-27T08:34:59+00:00","og_image":[{"width":1920,"height":740,"url":"https:\/\/elementstulum.com\/wp-content\/uploads\/2023\/03\/offers-elements-1920x740-1.jpg","type":"image\/jpeg"}],"twitter_card":"summary_large_image","twitter_misc":{"Tiempo de lectura":"2 minutos"},"schema":{"@context":"https:\/\/schema.org","@graph":[{"@type":"WebPage","@id":"https:\/\/elementstulum.com\/es\/ofertas\/","url":"https:\/\/elementstulum.com\/es\/ofertas\/","name":"Descuento en Tarifas y Promo Especiales | Elements Hotel Tulum |","isPartOf":{"@id":"https:\/\/elementstulum.com\/#website"},"datePublished":"2023-03-13T17:03:41+00:00","dateModified":"2023-07-27T08:34:59+00:00","description":"Descuentos en tarifas de habitaciones y promociones especiales en nuestros servicios para una estancia de primera a un mejor precio.","breadcrumb":{"@id":"https:\/\/elementstulum.com\/es\/ofertas\/#breadcrumb"},"inLanguage":"es","potentialAction":[{"@type":"ReadAction","target":["https:\/\/elementstulum.com\/es\/ofertas\/"]}]},{"@type":"BreadcrumbList","@id":"https:\/\/elementstulum.com\/es\/ofertas\/#breadcrumb","itemListElement":[{"@type":"ListItem","position":1,"name":"Home","item":"https:\/\/elementstulum.com\/es\/"},{"@type":"ListItem","position":2,"name":"Ofertas"}]},{"@type":"WebSite","@id":"https:\/\/elementstulum.com\/#website","url":"https:\/\/elementstulum.com\/","name":"Elements Hotel Tulum","description":"Boutique Hotel in Tulum","publisher":{"@id":"https:\/\/elementstulum.com\/#organization"},"potentialAction":[{"@type":"SearchAction","target":{"@type":"EntryPoint","urlTemplate":"https:\/\/elementstulum.com\/?s={search_term_string}"},"query-input":{"@type":"PropertyValueSpecification","valueRequired":true,"valueName":"search_term_string"}}],"inLanguage":"es"},{"@type":"Organization","@id":"https:\/\/elementstulum.com\/#organization","name":"Elements Boutique Hotel Tulum","url":"https:\/\/elementstulum.com\/","logo":{"@type":"ImageObject","inLanguage":"es","@id":"https:\/\/elementstulum.com\/#\/schema\/logo\/image\/","url":"https:\/\/elementstulum.com\/wp-content\/uploads\/2022\/04\/logo-elements-291x69-1.png","contentUrl":"https:\/\/elementstulum.com\/wp-content\/uploads\/2022\/04\/logo-elements-291x69-1.png","width":291,"height":69,"caption":"Elements Boutique Hotel Tulum"},"image":{"@id":"https:\/\/elementstulum.com\/#\/schema\/logo\/image\/"}}]}},"_links":{"self":[{"href":"https:\/\/elementstulum.com\/es\/wp-json\/wp\/v2\/pages\/394","targetHints":{"allow":["GET"]}}],"collection":[{"href":"https:\/\/elementstulum.com\/es\/wp-json\/wp\/v2\/pages"}],"about":[{"href":"https:\/\/elementstulum.com\/es\/wp-json\/wp\/v2\/types\/page"}],"author":[{"embeddable":true,"href":"https:\/\/elementstulum.com\/es\/wp-json\/wp\/v2\/users\/1"}],"replies":[{"embeddable":true,"href":"https:\/\/elementstulum.com\/es\/wp-json\/wp\/v2\/comments?post=394"}],"version-history":[{"count":6,"href":"https:\/\/elementstulum.com\/es\/wp-json\/wp\/v2\/pages\/394\/revisions"}],"predecessor-version":[{"id":420,"href":"https:\/\/elementstulum.com\/es\/wp-json\/wp\/v2\/pages\/394\/revisions\/420"}],"wp:attachment":[{"href":"https:\/\/elementstulum.com\/es\/wp-json\/wp\/v2\/media?parent=394"}],"curies":[{"name":"wp","href":"https:\/\/api.w.org\/{rel}","templated":true}]}}