{"id":328,"date":"2022-04-14T14:02:53","date_gmt":"2022-04-14T14:02:53","guid":{"rendered":"https:\/\/elementstulum.com\/terms-and-conditions\/"},"modified":"2023-04-05T17:50:48","modified_gmt":"2023-04-05T17:50:48","slug":"terminos-y-condiciones","status":"publish","type":"page","link":"https:\/\/elementstulum.com\/es\/terminos-y-condiciones\/","title":{"rendered":"Terminos y Condiciones"},"content":{"rendered":"<div class=\"wpb-content-wrapper\"><p>[vc_row full_width=\u00bbstretch_row\u00bb gap=\u00bb30&#8243; bg_type=\u00bbbg_color\u00bb bg_color_value=\u00bb#ebe3db\u00bb][vc_column offset=\u00bbvc_hidden-md vc_hidden-sm vc_hidden-xs\u00bb]<div class=\"ult-spacer spacer-69f4df4c9ffcc\" data-id=\"69f4df4c9ffcc\" data-height=\"30\" data-height-mobile=\"30\" data-height-tab=\"20\" data-height-tab-portrait=\"30\" data-height-mobile-landscape=\"30\" style=\"clear:both;display:block;\"><\/div>[vc_custom_heading text=\u00bbT\u00e9rminos y Condiciones\u00bb font_container=\u00bbtag:h1|font_size:35|text_align:left|color:%234c4b4b\u00bb google_fonts=\u00bbfont_family:Roboto%3A100%2C100italic%2C300%2C300italic%2Cregular%2Citalic%2C500%2C500italic%2C700%2C700italic%2C900%2C900italic|font_style:400%20regular%3A400%3Anormal\u00bb][vc_separator color=\u00bbcustom\u00bb align=\u00bbalign_left\u00bb border_width=\u00bb3&#8243; el_width=\u00bb20&#8243; accent_color=\u00bb#dcd3d0&#8243;]<div class=\"ult-spacer spacer-69f4df4c9fffa\" data-id=\"69f4df4c9fffa\" data-height=\"30\" data-height-mobile=\"30\" data-height-tab=\"20\" data-height-tab-portrait=\"30\" data-height-mobile-landscape=\"30\" style=\"clear:both;display:block;\"><\/div>[vc_column_text]<\/p>\n<p style=\"text-align: left; font-size: 16px; color: #4c4b4b; font-family: Open Sans; line-height: 1.5;\"><strong>Pol\u00edticas de check in:<\/strong><br \/>\nEl Check in es a partir de 15:00 P.M<br \/>\nEl Check out es antes de las 11:00 A.M<br \/>\n<span class=\"ng-star-inserted hovered\" data-index=\"4\">La edad m\u00ednima para el check-in es de 18 a\u00f1os, debe presentarse un documento de identidad v\u00e1lido con fotograf\u00eda en el momento del check-in para verificar la edad.<\/span><\/p>\n<p style=\"text-align: left; font-size: 16px; color: #4c4b4b; font-family: Open Sans; line-height: 1.5;\"><strong>Pol\u00edticas de Mascotas:<\/strong><br \/>\n<span class=\"ng-star-inserted hovered\" data-index=\"6\">No se admiten mascotas ni animales<\/span><\/p>\n<p style=\"text-align: left; font-size: 16px; color: #4c4b4b; font-family: Open Sans; line-height: 1.5;\"><strong>Pol\u00edticas de Early check-in:<\/strong><br \/>\n<span class=\"ng-star-inserted hovered\" data-index=\"8\">En caso de early check-in antes de las 09:00 AM, se a\u00f1adir\u00e1 a la factura de alojamiento un cargo adicional del 100% de la tarifa de la habitaci\u00f3n por noche;<br \/>\n<\/span><span class=\"ng-star-inserted\" data-index=\"9\">En caso de early check-in de 09:00 A.M a 14:00 P.M un suplemento del 50% de la tarifa de la habitaci\u00f3n por noche se a\u00f1adir\u00e1 a su factura de alojamiento.<br \/>\n<\/span><span class=\"ng-star-inserted\" data-index=\"10\">Para las reservas directas, el servicio de <span class=\"ng-star-inserted hovered\" data-index=\"8\">early check-in<\/span> es gratuito.<\/span><\/p>\n<p style=\"text-align: left; font-size: 16px; color: #4c4b4b; font-family: Open Sans; line-height: 1.5;\"><strong>Pol\u00edticas de Late check-out:<\/strong><br \/>\n<span class=\"ng-star-inserted\" data-index=\"12\">En caso de late check-out antes de las 15:00 pm un suplemento del 50% de la tarifa de la habitaci\u00f3n por noche se a\u00f1adir\u00e1 a su factura de alojamiento;<br \/>\n<\/span><span class=\"ng-star-inserted\" data-index=\"13\">En caso de late check-out despu\u00e9s de las 16:00 pm, se a\u00f1adir\u00e1 a su factura de alojamiento un cargo adicional del 100% de la tarifa de la habitaci\u00f3n por noche.<br \/>\n<\/span><span class=\"ng-star-inserted\" data-index=\"14\">Para reservas directas, el servicio de late check-out es gratuito.<br \/>\n<\/span><span class=\"ng-star-inserted\" data-index=\"15\">*El servicio de early check-in o late check-out est\u00e1 sujeto a la disponibilidad de las habitaciones, p\u00f3ngase en contacto con el establecimiento antes de la llegada para solicitar informaci\u00f3n.<\/span><\/p>\n<p style=\"text-align: left; font-size: 16px; color: #4c4b4b; font-family: Open Sans; line-height: 1.5;\"><strong>Pol\u00edticas de Garant\u00eda:<\/strong><br \/>\n<span class=\"ng-star-inserted\" data-index=\"17\">Todas las reservas \u00abno reembolsables\u00bb deben ser pagadas en su totalidad en el momento de la reserva utilizando cualquiera de las opciones de pago aceptables.<br \/>\n<\/span><span class=\"ng-star-inserted\" data-index=\"18\">*En caso de que la habitaci\u00f3n de un hu\u00e9sped deba ser pagada por la tarjeta de cr\u00e9dito de otra persona que no asistir\u00e1 al hotel, e<\/span><span class=\"ng-star-inserted\" data-index=\"19\">l titular de la tarjeta de cr\u00e9dito debe rellenar un formulario de preautorizaci\u00f3n que permita a Elements Tulum Boutique Hotel utilizar la tarjeta de cr\u00e9dito para los cargos especificados. <\/span><span class=\"ng-star-inserted\" data-index=\"20\">Un agente de reservas podr\u00e1 enviarle por correo electr\u00f3nico el formulario que desea rellenar a petici\u00f3n suya.<br \/>\n<\/span><span class=\"ng-star-inserted\" data-index=\"21\">Todas las reservas de \u00abcancelaci\u00f3n gratuita\u00bb deben estar garantizadas con una tarjeta de cr\u00e9dito (Visa, MasterCard o American Express) con fecha de vencimiento y c\u00f3digo de seguridad.<br \/>\n<\/span><span class=\"ng-star-inserted\" data-index=\"22\">*El hotel no realizar\u00e1 ninguna reserva a menos que est\u00e9 protegida por cualquiera de los m\u00e9todos anteriores. <\/span><span class=\"ng-star-inserted\" data-index=\"23\">Al hacer el registro de entrada, los hu\u00e9spedes pueden utilizar otra forma de pago aceptable para su alojamiento.<\/span><\/p>\n<p style=\"text-align: left; font-size: 16px; color: #4c4b4b; font-family: Open Sans; line-height: 1.5;\"><strong>Pol\u00edticas No-Fumadores:<\/strong><br \/>\nPara garantizar a todos nuestros hu\u00e9spedes una estancia c\u00f3moda y por las normas de la ley mexicana, fumar est\u00e1 estrictamente prohibido en las habitaciones, vest\u00edbulo y pasillos internos, balcones de habitaciones y patios y el restaurante. Esta regla nos permite mantener altos est\u00e1ndares y ofrecer un servicio de calidad a nuestros hu\u00e9spedes. Esperamos su comprensi\u00f3n.<\/p>\n<p>[\/vc_column_text]<div class=\"ult-spacer spacer-69f4df4ca0018\" data-id=\"69f4df4ca0018\" data-height=\"50\" data-height-mobile=\"1\" data-height-tab=\"1\" data-height-tab-portrait=\"1\" data-height-mobile-landscape=\"1\" style=\"clear:both;display:block;\"><\/div>[\/vc_column][\/vc_row]<\/p>\n<\/div>","protected":false},"excerpt":{"rendered":"<p>[vc_row full_width=\u00bbstretch_row\u00bb gap=\u00bb30&#8243; bg_type=\u00bbbg_color\u00bb bg_color_value=\u00bb#ebe3db\u00bb][vc_column offset=\u00bbvc_hidden-md vc_hidden-sm vc_hidden-xs\u00bb][vc_custom_heading text=\u00bbT\u00e9rminos y Condiciones\u00bb font_container=\u00bbtag:h1|font_size:35|text_align:left|color:%234c4b4b\u00bb google_fonts=\u00bbfont_family:Roboto%3A100%2C100italic%2C300%2C300italic%2Cregular%2Citalic%2C500%2C500italic%2C700%2C700italic%2C900%2C900italic|font_style:400%20regular%3A400%3Anormal\u00bb][vc_separator color=\u00bbcustom\u00bb align=\u00bbalign_left\u00bb border_width=\u00bb3&#8243; el_width=\u00bb20&#8243; accent_color=\u00bb#dcd3d0&#8243;][vc_column_text] Pol\u00edticas de check in: El Check in es a partir de 15:00 P.M El Check out es antes de las 11:00 A.M La edad m\u00ednima para el check-in es de 18 a\u00f1os, debe presentarse un documento de [&hellip;]<\/p>\n","protected":false},"author":1,"featured_media":0,"parent":0,"menu_order":0,"comment_status":"closed","ping_status":"open","template":"","meta":{"_joinchat":[],"footnotes":""},"class_list":["post-328","page","type-page","status-publish","hentry"],"yoast_head":"<!-- This site is optimized with the Yoast SEO plugin v26.0 - https:\/\/yoast.com\/wordpress\/plugins\/seo\/ -->\n<title>Terminos y Condiciones | Elements Hotel Tulum<\/title>\n<meta name=\"robots\" content=\"index, follow, max-snippet:-1, max-image-preview:large, max-video-preview:-1\" \/>\n<link rel=\"canonical\" href=\"https:\/\/elementstulum.com\/es\/terminos-y-condiciones\/\" \/>\n<meta property=\"og:locale\" content=\"es_ES\" \/>\n<meta property=\"og:type\" content=\"article\" \/>\n<meta property=\"og:title\" content=\"Terminos y Condiciones | Elements Hotel Tulum\" \/>\n<meta property=\"og:description\" content=\"[vc_row full_width=\u00bbstretch_row\u00bb gap=\u00bb30&#8243; bg_type=\u00bbbg_color\u00bb bg_color_value=\u00bb#ebe3db\u00bb][vc_column offset=\u00bbvc_hidden-md vc_hidden-sm vc_hidden-xs\u00bb][vc_custom_heading text=\u00bbT\u00e9rminos y Condiciones\u00bb font_container=\u00bbtag:h1|font_size:35|text_align:left|color:%234c4b4b\u00bb google_fonts=\u00bbfont_family:Roboto%3A100%2C100italic%2C300%2C300italic%2Cregular%2Citalic%2C500%2C500italic%2C700%2C700italic%2C900%2C900italic|font_style:400%20regular%3A400%3Anormal\u00bb][vc_separator color=\u00bbcustom\u00bb align=\u00bbalign_left\u00bb border_width=\u00bb3&#8243; el_width=\u00bb20&#8243; accent_color=\u00bb#dcd3d0&#8243;][vc_column_text] Pol\u00edticas de check in: El Check in es a partir de 15:00 P.M El Check out es antes de las 11:00 A.M La edad m\u00ednima para el check-in es de 18 a\u00f1os, debe presentarse un documento de [&hellip;]\" \/>\n<meta property=\"og:url\" content=\"https:\/\/elementstulum.com\/es\/terminos-y-condiciones\/\" \/>\n<meta property=\"og:site_name\" content=\"Elements Hotel Tulum\" \/>\n<meta property=\"article:modified_time\" content=\"2023-04-05T17:50:48+00:00\" \/>\n<meta name=\"twitter:card\" content=\"summary_large_image\" \/>\n<meta name=\"twitter:label1\" content=\"Tiempo de lectura\" \/>\n\t<meta name=\"twitter:data1\" content=\"3 minutos\" \/>\n<script type=\"application\/ld+json\" class=\"yoast-schema-graph\">{\"@context\":\"https:\/\/schema.org\",\"@graph\":[{\"@type\":\"WebPage\",\"@id\":\"https:\/\/elementstulum.com\/es\/terminos-y-condiciones\/\",\"url\":\"https:\/\/elementstulum.com\/es\/terminos-y-condiciones\/\",\"name\":\"Terminos y Condiciones | Elements Hotel Tulum\",\"isPartOf\":{\"@id\":\"https:\/\/elementstulum.com\/#website\"},\"datePublished\":\"2022-04-14T14:02:53+00:00\",\"dateModified\":\"2023-04-05T17:50:48+00:00\",\"breadcrumb\":{\"@id\":\"https:\/\/elementstulum.com\/es\/terminos-y-condiciones\/#breadcrumb\"},\"inLanguage\":\"es\",\"potentialAction\":[{\"@type\":\"ReadAction\",\"target\":[\"https:\/\/elementstulum.com\/es\/terminos-y-condiciones\/\"]}]},{\"@type\":\"BreadcrumbList\",\"@id\":\"https:\/\/elementstulum.com\/es\/terminos-y-condiciones\/#breadcrumb\",\"itemListElement\":[{\"@type\":\"ListItem\",\"position\":1,\"name\":\"Home\",\"item\":\"https:\/\/elementstulum.com\/es\/\"},{\"@type\":\"ListItem\",\"position\":2,\"name\":\"Terminos y Condiciones\"}]},{\"@type\":\"WebSite\",\"@id\":\"https:\/\/elementstulum.com\/#website\",\"url\":\"https:\/\/elementstulum.com\/\",\"name\":\"Elements Hotel Tulum\",\"description\":\"Boutique Hotel in Tulum\",\"publisher\":{\"@id\":\"https:\/\/elementstulum.com\/#organization\"},\"potentialAction\":[{\"@type\":\"SearchAction\",\"target\":{\"@type\":\"EntryPoint\",\"urlTemplate\":\"https:\/\/elementstulum.com\/?s={search_term_string}\"},\"query-input\":{\"@type\":\"PropertyValueSpecification\",\"valueRequired\":true,\"valueName\":\"search_term_string\"}}],\"inLanguage\":\"es\"},{\"@type\":\"Organization\",\"@id\":\"https:\/\/elementstulum.com\/#organization\",\"name\":\"Elements Boutique Hotel Tulum\",\"url\":\"https:\/\/elementstulum.com\/\",\"logo\":{\"@type\":\"ImageObject\",\"inLanguage\":\"es\",\"@id\":\"https:\/\/elementstulum.com\/#\/schema\/logo\/image\/\",\"url\":\"https:\/\/elementstulum.com\/wp-content\/uploads\/2022\/04\/logo-elements-291x69-1.png\",\"contentUrl\":\"https:\/\/elementstulum.com\/wp-content\/uploads\/2022\/04\/logo-elements-291x69-1.png\",\"width\":291,\"height\":69,\"caption\":\"Elements Boutique Hotel Tulum\"},\"image\":{\"@id\":\"https:\/\/elementstulum.com\/#\/schema\/logo\/image\/\"}}]}<\/script>\n<!-- \/ Yoast SEO plugin. -->","yoast_head_json":{"title":"Terminos y Condiciones | Elements Hotel Tulum","robots":{"index":"index","follow":"follow","max-snippet":"max-snippet:-1","max-image-preview":"max-image-preview:large","max-video-preview":"max-video-preview:-1"},"canonical":"https:\/\/elementstulum.com\/es\/terminos-y-condiciones\/","og_locale":"es_ES","og_type":"article","og_title":"Terminos y Condiciones | Elements Hotel Tulum","og_description":"[vc_row full_width=\u00bbstretch_row\u00bb gap=\u00bb30&#8243; bg_type=\u00bbbg_color\u00bb bg_color_value=\u00bb#ebe3db\u00bb][vc_column offset=\u00bbvc_hidden-md vc_hidden-sm vc_hidden-xs\u00bb][vc_custom_heading text=\u00bbT\u00e9rminos y Condiciones\u00bb font_container=\u00bbtag:h1|font_size:35|text_align:left|color:%234c4b4b\u00bb google_fonts=\u00bbfont_family:Roboto%3A100%2C100italic%2C300%2C300italic%2Cregular%2Citalic%2C500%2C500italic%2C700%2C700italic%2C900%2C900italic|font_style:400%20regular%3A400%3Anormal\u00bb][vc_separator color=\u00bbcustom\u00bb align=\u00bbalign_left\u00bb border_width=\u00bb3&#8243; el_width=\u00bb20&#8243; accent_color=\u00bb#dcd3d0&#8243;][vc_column_text] Pol\u00edticas de check in: El Check in es a partir de 15:00 P.M El Check out es antes de las 11:00 A.M La edad m\u00ednima para el check-in es de 18 a\u00f1os, debe presentarse un documento de [&hellip;]","og_url":"https:\/\/elementstulum.com\/es\/terminos-y-condiciones\/","og_site_name":"Elements Hotel Tulum","article_modified_time":"2023-04-05T17:50:48+00:00","twitter_card":"summary_large_image","twitter_misc":{"Tiempo de lectura":"3 minutos"},"schema":{"@context":"https:\/\/schema.org","@graph":[{"@type":"WebPage","@id":"https:\/\/elementstulum.com\/es\/terminos-y-condiciones\/","url":"https:\/\/elementstulum.com\/es\/terminos-y-condiciones\/","name":"Terminos y Condiciones | Elements Hotel Tulum","isPartOf":{"@id":"https:\/\/elementstulum.com\/#website"},"datePublished":"2022-04-14T14:02:53+00:00","dateModified":"2023-04-05T17:50:48+00:00","breadcrumb":{"@id":"https:\/\/elementstulum.com\/es\/terminos-y-condiciones\/#breadcrumb"},"inLanguage":"es","potentialAction":[{"@type":"ReadAction","target":["https:\/\/elementstulum.com\/es\/terminos-y-condiciones\/"]}]},{"@type":"BreadcrumbList","@id":"https:\/\/elementstulum.com\/es\/terminos-y-condiciones\/#breadcrumb","itemListElement":[{"@type":"ListItem","position":1,"name":"Home","item":"https:\/\/elementstulum.com\/es\/"},{"@type":"ListItem","position":2,"name":"Terminos y Condiciones"}]},{"@type":"WebSite","@id":"https:\/\/elementstulum.com\/#website","url":"https:\/\/elementstulum.com\/","name":"Elements Hotel Tulum","description":"Boutique Hotel in Tulum","publisher":{"@id":"https:\/\/elementstulum.com\/#organization"},"potentialAction":[{"@type":"SearchAction","target":{"@type":"EntryPoint","urlTemplate":"https:\/\/elementstulum.com\/?s={search_term_string}"},"query-input":{"@type":"PropertyValueSpecification","valueRequired":true,"valueName":"search_term_string"}}],"inLanguage":"es"},{"@type":"Organization","@id":"https:\/\/elementstulum.com\/#organization","name":"Elements Boutique Hotel Tulum","url":"https:\/\/elementstulum.com\/","logo":{"@type":"ImageObject","inLanguage":"es","@id":"https:\/\/elementstulum.com\/#\/schema\/logo\/image\/","url":"https:\/\/elementstulum.com\/wp-content\/uploads\/2022\/04\/logo-elements-291x69-1.png","contentUrl":"https:\/\/elementstulum.com\/wp-content\/uploads\/2022\/04\/logo-elements-291x69-1.png","width":291,"height":69,"caption":"Elements Boutique Hotel Tulum"},"image":{"@id":"https:\/\/elementstulum.com\/#\/schema\/logo\/image\/"}}]}},"_links":{"self":[{"href":"https:\/\/elementstulum.com\/es\/wp-json\/wp\/v2\/pages\/328","targetHints":{"allow":["GET"]}}],"collection":[{"href":"https:\/\/elementstulum.com\/es\/wp-json\/wp\/v2\/pages"}],"about":[{"href":"https:\/\/elementstulum.com\/es\/wp-json\/wp\/v2\/types\/page"}],"author":[{"embeddable":true,"href":"https:\/\/elementstulum.com\/es\/wp-json\/wp\/v2\/users\/1"}],"replies":[{"embeddable":true,"href":"https:\/\/elementstulum.com\/es\/wp-json\/wp\/v2\/comments?post=328"}],"version-history":[{"count":4,"href":"https:\/\/elementstulum.com\/es\/wp-json\/wp\/v2\/pages\/328\/revisions"}],"predecessor-version":[{"id":416,"href":"https:\/\/elementstulum.com\/es\/wp-json\/wp\/v2\/pages\/328\/revisions\/416"}],"wp:attachment":[{"href":"https:\/\/elementstulum.com\/es\/wp-json\/wp\/v2\/media?parent=328"}],"curies":[{"name":"wp","href":"https:\/\/api.w.org\/{rel}","templated":true}]}}