{"id":320,"date":"2022-04-12T21:40:26","date_gmt":"2022-04-12T21:40:26","guid":{"rendered":"https:\/\/elementstulum.com\/booking-direct-benefits\/"},"modified":"2023-11-21T18:09:50","modified_gmt":"2023-11-21T18:09:50","slug":"ventajas-de-reserva-directa","status":"publish","type":"page","link":"https:\/\/elementstulum.com\/es\/ventajas-de-reserva-directa\/","title":{"rendered":"Ventajas de reserva directa"},"content":{"rendered":"<div class=\"wpb-content-wrapper\"><p>[vc_row full_width=\u00bbstretch_row_content_no_spaces\u00bb bg_type=\u00bbbg_color\u00bb bg_color_value=\u00bb#ebe3db\u00bb css=\u00bb.vc_custom_1649170898810{margin-bottom: -50px !important;}\u00bb][vc_column][vc_single_image image=\u00bb46&#8243; img_size=\u00bb1920&#215;740&#8243;][\/vc_column][\/vc_row][vc_row full_width=\u00bbstretch_row\u00bb bg_type=\u00bbimage\u00bb parallax_style=\u00bbvcpb-default\u00bb bg_image_new=\u00bbid^44|url^https:\/\/elementstulum.com\/wp-content\/uploads\/2022\/04\/home-elments-bg-white-1920&#215;1000-2.jpg|caption^null|alt^about elements boutique hotel tulum|title^home-elments-bg-white-1920&#215;1000|description^null\u00bb bg_image_repeat=\u00bbno-repeat\u00bb bg_img_attach=\u00bbfixed\u00bb enable_overlay=\u00bbenable_overlay_value\u00bb overlay_color=\u00bbrgba(255,255,255,0.82)\u00bb][vc_column]<div class=\"ult-spacer spacer-69f4b91dd36e5\" data-id=\"69f4b91dd36e5\" data-height=\"70\" data-height-mobile=\"50\" data-height-tab=\"50\" data-height-tab-portrait=\"50\" data-height-mobile-landscape=\"50\" style=\"clear:both;display:block;\"><\/div>[vc_custom_heading text=\u00bbELEMENTS TULUM &#8211; VENTAJAS DE RESERVA DIRECTA\u00bb font_container=\u00bbtag:h4|font_size:18|text_align:left|color:%234c4b4b\u00bb google_fonts=\u00bbfont_family:Comfortaa%3A300%2Cregular%2C700|font_style:400%20regular%3A400%3Anormal\u00bb][vc_custom_heading text=\u00bbAccede a privilegios exclusivos y mejora tu estancia.\u00bb font_container=\u00bbtag:h5|font_size:35|text_align:left|color:%234c4b4b\u00bb google_fonts=\u00bbfont_family:Roboto%3A100%2C100italic%2C300%2C300italic%2Cregular%2Citalic%2C500%2C500italic%2C700%2C700italic%2C900%2C900italic|font_style:400%20regular%3A400%3Anormal\u00bb][vc_separator color=\u00bbcustom\u00bb align=\u00bbalign_left\u00bb border_width=\u00bb3&#8243; el_width=\u00bb10&#8243; accent_color=\u00bb#a39482&#8243;][vc_column_text]<\/p>\n<p style=\"text-align: left; font-size: 17px; color: #4c4b4b; font-family: Open Sans; line-height: 1.5;\">Obt\u00e9n beneficios exclusivos y lleva tu estancia con nosotros al siguiente nivel. Reserva tus vacaciones a trav\u00e9s de nuestro sitio web, WhatsApp, correo electr\u00f3nico o redes sociales.<br \/>\n\u00bfYa has reservado con otra agencia web? \u00a1No hay problema! Podemos cambiar tu reserva a una directa sin ning\u00fan cargo adicional. Solo tiene que enviar tu reserva a <a href=\"mailto:socialmedia@elementstulum.com\" target=\"_blank\" rel=\"noopener\">socialmedia@elementstulum.com<\/a> and we will make the change.<\/p>\n<p>[\/vc_column_text][\/vc_column][vc_column width=\u00bb1\/2&#8243;]<div class=\"smile_icon_list_wrap ult_info_list_container ult-adjust-bottom-margin  \"><ul class=\"smile_icon_list left circle with_bg\"><li class=\"icon_list_item\" style=\" font-size:60px;\"><div class=\"icon_list_icon\" data-animation=\"pulse\" data-animation-delay=\"03\" style=\"font-size:20px;border-width:1px;border-style:none;background:#ebe3db;color:;border-color:#333333;\"><img decoding=\"async\" class=\"list-img-icon\" alt=\"null\" src=\"https:\/\/elementstulum.com\/wp-content\/uploads\/2022\/04\/best-rate.png\"\/><\/div><div class=\"icon_description\" id=\"Info-list-wrap-5014\" style=\"font-size:20px;\"><h5 class=\"ult-responsive info-list-heading\"  data-ultimate-target='#Info-list-wrap-5014 h5'  data-responsive-json-new='{\"font-size\":\"desktop:15px;\",\"line-height\":\"desktop:24px;\"}'  style=\"color:#4c4b4b;\">Mejor tarifa garantizada<\/h5><div class=\"icon_description_text ult-responsive\"  data-ultimate-target='#Info-list-wrap-5014 .icon_description_text'  data-responsive-json-new='{\"font-size\":\"desktop:13px;\",\"line-height\":\"desktop:18px;\"}'  style=\"\"><p style=\"text-align: left; font-size: 16px; color: #4c4b4b; font-family: Open Sans; line-height: 1.5;\">\u00bfEncontraste on line una tarifa mejor? Te la igualamos!<\/p>\n<\/div><\/div><div class=\"icon_list_connector\"  style=\"border: none !important;\"><\/div><\/li><li class=\"icon_list_item\" style=\" font-size:60px;\"><div class=\"icon_list_icon\" data-animation=\"pulse\" data-animation-delay=\"03\" style=\"font-size:20px;border-width:1px;border-style:none;background:#ebe3db;color:;border-color:#333333;\"><img decoding=\"async\" class=\"list-img-icon\" alt=\"null\" src=\"https:\/\/elementstulum.com\/wp-content\/uploads\/2022\/04\/flexible-cancellation.png\"\/><\/div><div class=\"icon_description\" id=\"Info-list-wrap-2071\" style=\"font-size:20px;\"><h5 class=\"ult-responsive info-list-heading\"  data-ultimate-target='#Info-list-wrap-2071 h5'  data-responsive-json-new='{\"font-size\":\"desktop:15px;\",\"line-height\":\"desktop:24px;\"}'  style=\"color:#4c4b4b;\">Flexibilidad en pol\u00edticas de cancelaci\u00f3n<\/h5><div class=\"icon_description_text ult-responsive\"  data-ultimate-target='#Info-list-wrap-2071 .icon_description_text'  data-responsive-json-new='{\"font-size\":\"desktop:13px;\",\"line-height\":\"desktop:18px;\"}'  style=\"\"><p style=\"text-align: left; font-size: 16px; color: #4c4b4b; font-family: Open Sans; line-height: 1.5;\">Cancelaci\u00f3n sin cargo hasta 15 d\u00edas antes de la llegada.<\/p>\n<\/div><\/div><div class=\"icon_list_connector\"  style=\"border: none !important;\"><\/div><\/li><\/ul><\/div>[\/vc_column][vc_column width=\u00bb1\/2&#8243;]<div class=\"smile_icon_list_wrap ult_info_list_container ult-adjust-bottom-margin  \"><ul class=\"smile_icon_list left circle with_bg\"><li class=\"icon_list_item\" style=\" font-size:60px;\"><div class=\"icon_list_icon\" data-animation=\"pulse\" data-animation-delay=\"03\" style=\"font-size:20px;border-width:1px;border-style:none;background:#ebe3db;color:;border-color:#333333;\"><img decoding=\"async\" class=\"list-img-icon\" alt=\"null\" src=\"https:\/\/elementstulum.com\/wp-content\/uploads\/2022\/04\/spa.png\"\/><\/div><div class=\"icon_description\" id=\"Info-list-wrap-5349\" style=\"font-size:20px;\"><h5 class=\"ult-responsive info-list-heading\"  data-ultimate-target='#Info-list-wrap-5349 h5'  data-responsive-json-new='{\"font-size\":\"desktop:15px;\",\"line-height\":\"desktop:24px;\"}'  style=\"color:#4c4b4b;\">20% de descuento en Spa<\/h5><div class=\"icon_description_text ult-responsive\"  data-ultimate-target='#Info-list-wrap-5349 .icon_description_text'  data-responsive-json-new='{\"font-size\":\"desktop:13px;\",\"line-height\":\"desktop:18px;\"}'  style=\"\"><p style=\"text-align: left; font-size: 16px; color: #4c4b4b; font-family: Open Sans; line-height: 1.5;\">Descuento especial en todos los tratamientos Spa de nuestra propiedad hermana <a href=\"https:\/\/zensesresort.com\/es\/spa\/\" target=\"_blank\" rel=\"noopener\">Zenses Wellness &amp; Yoga Resort.<\/a><\/p>\n<\/div><\/div><div class=\"icon_list_connector\"  style=\"border: none !important;\"><\/div><\/li><li class=\"icon_list_item\" style=\" font-size:60px;\"><div class=\"icon_list_icon\" data-animation=\"pulse\" data-animation-delay=\"03\" style=\"font-size:20px;border-width:1px;border-style:none;background:#ebe3db;color:;border-color:#333333;\"><img decoding=\"async\" class=\"list-img-icon\" alt=\"null\" src=\"https:\/\/elementstulum.com\/wp-content\/uploads\/2022\/04\/CHECKIN-CHECKOUT.png\"\/><\/div><div class=\"icon_description\" id=\"Info-list-wrap-5008\" style=\"font-size:20px;\"><h5 class=\"ult-responsive info-list-heading\"  data-ultimate-target='#Info-list-wrap-5008 h5'  data-responsive-json-new='{\"font-size\":\"desktop:15px;\",\"line-height\":\"desktop:24px;\"}'  style=\"color:#4c4b4b;\">Early check-in \/ Late check-out gratis<\/h5><div class=\"icon_description_text ult-responsive\"  data-ultimate-target='#Info-list-wrap-5008 .icon_description_text'  data-responsive-json-new='{\"font-size\":\"desktop:13px;\",\"line-height\":\"desktop:18px;\"}'  style=\"\"><p style=\"text-align: left; font-size: 16px; color: #4c4b4b; font-family: Open Sans; line-height: 1.5;\">Early check-in y late check-out gratis. Sujeto a disponibilidad.<\/p>\n<\/div><\/div><div class=\"icon_list_connector\"  style=\"border: none !important;\"><\/div><\/li><\/ul><\/div>[\/vc_column][vc_column]<div class=\"ult-spacer spacer-69f4b91dd4472\" data-id=\"69f4b91dd4472\" data-height=\"50\" data-height-mobile=\"10\" data-height-tab=\"10\" data-height-tab-portrait=\"10\" data-height-mobile-landscape=\"10\" style=\"clear:both;display:block;\"><\/div>[\/vc_column][\/vc_row][vc_row full_width=\u00bbstretch_row\u00bb bg_type=\u00bbimage\u00bb parallax_style=\u00bbvcpb-default\u00bb bg_image_new=\u00bbid^77|url^https:\/\/elementstulum.com\/wp-content\/uploads\/2022\/04\/BG-ELM-1920X1000.jpg|caption^null|alt^null|title^BG-ELM-1920X1000|description^null\u00bb bg_image_repeat=\u00bbno-repeat\u00bb bg_img_attach=\u00bbfixed\u00bb][vc_column el_class=\u00bbrs_col-sm-12&#8243; offset=\u00bbvc_hidden-md vc_hidden-sm vc_hidden-xs\u00bb]<div class=\"ult-spacer spacer-69f4b91dd4494\" data-id=\"69f4b91dd4494\" data-height=\"80\" data-height-mobile=\"20\" data-height-tab=\"20\" data-height-tab-portrait=\"20\" data-height-mobile-landscape=\"20\" style=\"clear:both;display:block;\"><\/div>[vc_column_text]<\/p>\n<h5 style=\"text-align: center; font-size: 40px; color: #ffffff; text-shadow: 2px 2px 4px #000000; font-family: Roboto;\">\u00bfQuieres convertir tu actual reserva<br \/>\na una reserva directa con nosotros?<br \/>\n\u00a1Nos encargaremos de todo!<\/h5>\n<p>[\/vc_column_text]<div class=\" ubtn-ctn-center popmake-405\"><button type=\"button\" id=\"ubtn-1827\"  class=\"ubtn ult-adjust-bottom-margin ult-responsive ubtn-custom ubtn-no-hover-bg  none  ubtn-center popmake-405  tooltip-69f4b91dd44c8\"  data-hover=\"#ffffff\" data-border-color=\"#a39482\" data-bg=\"#e9d4c3\" data-hover-bg=\"#a39482\" data-border-hover=\"\" data-shadow-hover=\"\" data-shadow-click=\"none\" data-shadow=\"\" data-shd-shadow=\"\"  data-ultimate-target='#ubtn-1827'  data-responsive-json-new='{\"font-size\":\"desktop:17px;\",\"line-height\":\"\"}'  style=\"font-weight:normal;width:180px;min-height:50px;padding:px px;border-radius:30px;border-width:1px;border-color:#a39482;border-style:solid;background: #e9d4c3;color: #4c4b4b;\"><span class=\"ubtn-hover\" style=\"background-color:#a39482\"><\/span><span class=\"ubtn-data ubtn-text \" >ENVIAR PEDIDO<\/span><\/button><\/div><div class=\"ult-spacer spacer-69f4b91dd4518\" data-id=\"69f4b91dd4518\" data-height=\"80\" data-height-mobile=\"20\" data-height-tab=\"20\" data-height-tab-portrait=\"20\" data-height-mobile-landscape=\"20\" style=\"clear:both;display:block;\"><\/div>[\/vc_column][\/vc_row][vc_row full_width=\u00bbstretch_row\u00bb css=\u00bb.vc_custom_1649799836341{background-image: url(https:\/\/elementstulum.com\/wp-content\/uploads\/2022\/04\/BG-ELM-1920X1000.jpg?id=77) !important;background-position: center !important;background-repeat: no-repeat !important;background-size: cover !important;}\u00bb][vc_column el_class=\u00bbrs_col-sm-12&#8243; offset=\u00bbvc_hidden-lg\u00bb]<div class=\"ult-spacer spacer-69f4b91dd4538\" data-id=\"69f4b91dd4538\" data-height=\"50\" data-height-mobile=\"40\" data-height-tab=\"40\" data-height-tab-portrait=\"40\" data-height-mobile-landscape=\"40\" style=\"clear:both;display:block;\"><\/div>[vc_column_text]<\/p>\n<h5 style=\"text-align: center; font-size: 40px; color: #ffffff; text-shadow: 2px 2px 4px #000000; font-family: Roboto;\">\u00bfQuieres convertir tu actual reserva a una reserva directa con nosotros? \u00a1Nos encargaremos de todo!<\/h5>\n<p>[\/vc_column_text]<div class=\" ubtn-ctn-center popmake-405\"><button type=\"button\" id=\"ubtn-6100\"  class=\"ubtn ult-adjust-bottom-margin ult-responsive ubtn-custom ubtn-no-hover-bg  none  ubtn-center popmake-405  tooltip-69f4b91dd455e\"  data-hover=\"#ffffff\" data-border-color=\"#a39482\" data-bg=\"#e9d4c3\" data-hover-bg=\"#a39482\" data-border-hover=\"\" data-shadow-hover=\"\" data-shadow-click=\"none\" data-shadow=\"\" data-shd-shadow=\"\"  data-ultimate-target='#ubtn-6100'  data-responsive-json-new='{\"font-size\":\"desktop:17px;\",\"line-height\":\"\"}'  style=\"font-weight:normal;width:180px;min-height:50px;padding:px px;border-radius:30px;border-width:1px;border-color:#a39482;border-style:solid;background: #e9d4c3;color: #4c4b4b;\"><span class=\"ubtn-hover\" style=\"background-color:#a39482\"><\/span><span class=\"ubtn-data ubtn-text \" >ENVIAR PEDIDO<\/span><\/button><\/div><div class=\"ult-spacer spacer-69f4b91dd45a0\" data-id=\"69f4b91dd45a0\" data-height=\"50\" data-height-mobile=\"20\" data-height-tab=\"20\" data-height-tab-portrait=\"20\" data-height-mobile-landscape=\"20\" style=\"clear:both;display:block;\"><\/div>[\/vc_column][\/vc_row][vc_row full_width=\u00bbstretch_row\u00bb bg_type=\u00bbbg_color\u00bb enable_overlay=\u00bbenable_overlay_value\u00bb overlay_color=\u00bbrgba(255,255,255,0.36)\u00bb bg_color_value=\u00bb#ebe3db\u00bb][vc_column]<div class=\"ult-spacer spacer-69f4b91dd45bd\" data-id=\"69f4b91dd45bd\" data-height=\"50\" data-height-mobile=\"35\" data-height-tab=\"25\" data-height-tab-portrait=\"35\" data-height-mobile-landscape=\"35\" style=\"clear:both;display:block;\"><\/div>[vc_custom_heading text=\u00bbMejor tarifa garantizada\u00bb font_container=\u00bbtag:h5|font_size:35|text_align:left|color:%234c4b4b\u00bb google_fonts=\u00bbfont_family:Roboto%3A100%2C100italic%2C300%2C300italic%2Cregular%2Citalic%2C500%2C500italic%2C700%2C700italic%2C900%2C900italic|font_style:400%20regular%3A400%3Anormal\u00bb][vc_separator color=\u00bbcustom\u00bb align=\u00bbalign_left\u00bb border_width=\u00bb3&#8243; el_width=\u00bb10&#8243; accent_color=\u00bb#a39482&#8243;][vc_column_text]<\/p>\n<p style=\"text-align: left; font-size: 17px; color: #4c4b4b; font-family: Open Sans; line-height: 1.5;\">Si encuentras una mejor tarifa en un sitio web diferente a Elements Tulum Boutique Hotel dentro de las 24 horas de su reserva, cont\u00e1ctanos y te atenderemos.<\/p>\n<p style=\"text-align: left; font-size: 17px; color: #4c4b4b; font-family: Open Sans; line-height: 1.5;\">Para verificar si es posible igualar la tarifa, necesitamos que por favor proporciones la siguiente informaci\u00f3n:<br \/>\n&#8211; Enlace al sitio web donde podemos ver y verificar el importe total en USD incluyendo impuestos<br \/>\n&#8211; Cantidad de personas que viajan<br \/>\n&#8211; Fechas de viaje (d\u00eda, mes y a\u00f1o)<br \/>\n&#8211; Plan de Hotel seleccionado (Solo Habitaci\u00f3n o Habitaci\u00f3n+Desayuno)<br \/>\n&#8211; Habitaci\u00f3n seleccionada<br \/>\n&#8211; Sin toda esta informaci\u00f3n no ser\u00eda posible proceder a la verificaci\u00f3n de la reserva.<\/p>\n<p style=\"text-align: left; font-size: 14px; color: #4c4b4b; font-family: Open Sans; line-height: 1.5;\"><strong>RESTRICCIONES<\/strong><br \/>\nVamos a igualar el precio con las empresas de la industria de viajes legalmente autorizadas que est\u00e1n trabajando con Elements Tulum Boutique Hotel (Booking.com \/ exped\u00eda).<br \/>\nLas reservas realizadas despu\u00e9s de 24 horas no se aplicar\u00e1n para hacer una coincidencia de precio.<br \/>\nNo se aceptar\u00e1n capturas de pantalla ni im\u00e1genes producidas.<br \/>\nLas cotizaciones que incluyen aire, alquiler de coches, taxis, cargos de servicio, meails, cupones, estacionamiento u otros servicios no se aplican para el partido de precio.<br \/>\nNo se considerar\u00e1n las reservas con disparidad de tipos de cambio debido a fluctuaciones en el tipo de cambio.<\/p>\n<p>[\/vc_column_text][\/vc_column][vc_column]<div class=\"ult-spacer spacer-69f4b91dd45d9\" data-id=\"69f4b91dd45d9\" data-height=\"50\" data-height-mobile=\"10\" data-height-tab=\"10\" data-height-tab-portrait=\"10\" data-height-mobile-landscape=\"10\" style=\"clear:both;display:block;\"><\/div>[\/vc_column][\/vc_row]<\/p>\n<\/div>","protected":false},"excerpt":{"rendered":"<p>[vc_row full_width=\u00bbstretch_row_content_no_spaces\u00bb bg_type=\u00bbbg_color\u00bb bg_color_value=\u00bb#ebe3db\u00bb css=\u00bb.vc_custom_1649170898810{margin-bottom: -50px !important;}\u00bb][vc_column][vc_single_image image=\u00bb46&#8243; img_size=\u00bb1920&#215;740&#8243;][\/vc_column][\/vc_row][vc_row full_width=\u00bbstretch_row\u00bb bg_type=\u00bbimage\u00bb parallax_style=\u00bbvcpb-default\u00bb bg_image_new=\u00bbid^44|url^https:\/\/elementstulum.com\/wp-content\/uploads\/2022\/04\/home-elments-bg-white-1920&#215;1000-2.jpg|caption^null|alt^about elements boutique hotel tulum|title^home-elments-bg-white-1920&#215;1000|description^null\u00bb bg_image_repeat=\u00bbno-repeat\u00bb bg_img_attach=\u00bbfixed\u00bb enable_overlay=\u00bbenable_overlay_value\u00bb overlay_color=\u00bbrgba(255,255,255,0.82)\u00bb][vc_column][vc_custom_heading text=\u00bbELEMENTS TULUM &#8211; VENTAJAS DE RESERVA DIRECTA\u00bb font_container=\u00bbtag:h4|font_size:18|text_align:left|color:%234c4b4b\u00bb google_fonts=\u00bbfont_family:Comfortaa%3A300%2Cregular%2C700|font_style:400%20regular%3A400%3Anormal\u00bb][vc_custom_heading text=\u00bbAccede a privilegios exclusivos y mejora tu estancia.\u00bb font_container=\u00bbtag:h5|font_size:35|text_align:left|color:%234c4b4b\u00bb google_fonts=\u00bbfont_family:Roboto%3A100%2C100italic%2C300%2C300italic%2Cregular%2Citalic%2C500%2C500italic%2C700%2C700italic%2C900%2C900italic|font_style:400%20regular%3A400%3Anormal\u00bb][vc_separator color=\u00bbcustom\u00bb align=\u00bbalign_left\u00bb border_width=\u00bb3&#8243; el_width=\u00bb10&#8243; accent_color=\u00bb#a39482&#8243;][vc_column_text] Obt\u00e9n beneficios exclusivos y lleva tu estancia con nosotros al [&hellip;]<\/p>\n","protected":false},"author":1,"featured_media":0,"parent":0,"menu_order":0,"comment_status":"closed","ping_status":"closed","template":"","meta":{"_joinchat":[],"footnotes":""},"class_list":["post-320","page","type-page","status-publish","hentry"],"yoast_head":"<!-- This site is optimized with the Yoast SEO plugin v26.0 - https:\/\/yoast.com\/wordpress\/plugins\/seo\/ -->\n<title>Ventajas de reserva directa | Ventajas exlusivas en Elements Tulum<\/title>\n<meta name=\"description\" content=\"Obten beneficios de reserrva directa para una mejor estad\u00eda. \u00a1La mejor tarifa, cancelaci\u00f3n flexible, bici gratis, yoga gratis y m\u00e1s!\" \/>\n<meta name=\"robots\" content=\"index, follow, max-snippet:-1, max-image-preview:large, max-video-preview:-1\" \/>\n<link rel=\"canonical\" href=\"https:\/\/elementstulum.com\/es\/ventajas-de-reserva-directa\/\" \/>\n<meta property=\"og:locale\" content=\"es_ES\" \/>\n<meta property=\"og:type\" content=\"article\" \/>\n<meta property=\"og:title\" content=\"Ventajas de reserva directa | Ventajas exlusivas en Elements Tulum\" \/>\n<meta property=\"og:description\" content=\"Obten beneficios de reserrva directa para una mejor estad\u00eda. \u00a1La mejor tarifa, cancelaci\u00f3n flexible, bici gratis, yoga gratis y m\u00e1s!\" \/>\n<meta property=\"og:url\" content=\"https:\/\/elementstulum.com\/es\/ventajas-de-reserva-directa\/\" \/>\n<meta property=\"og:site_name\" content=\"Elements Hotel Tulum\" \/>\n<meta property=\"article:modified_time\" content=\"2023-11-21T18:09:50+00:00\" \/>\n<meta property=\"og:image\" content=\"https:\/\/elementstulum.com\/wp-content\/uploads\/2022\/04\/booking-direct-benefits-1920x740-1.jpg\" \/>\n\t<meta property=\"og:image:width\" content=\"1920\" \/>\n\t<meta property=\"og:image:height\" content=\"740\" \/>\n\t<meta property=\"og:image:type\" content=\"image\/jpeg\" \/>\n<meta name=\"twitter:card\" content=\"summary_large_image\" \/>\n<meta name=\"twitter:label1\" content=\"Tiempo de lectura\" \/>\n\t<meta name=\"twitter:data1\" content=\"3 minutos\" \/>\n<script type=\"application\/ld+json\" class=\"yoast-schema-graph\">{\"@context\":\"https:\/\/schema.org\",\"@graph\":[{\"@type\":\"WebPage\",\"@id\":\"https:\/\/elementstulum.com\/es\/ventajas-de-reserva-directa\/\",\"url\":\"https:\/\/elementstulum.com\/es\/ventajas-de-reserva-directa\/\",\"name\":\"Ventajas de reserva directa | Ventajas exlusivas en Elements Tulum\",\"isPartOf\":{\"@id\":\"https:\/\/elementstulum.com\/#website\"},\"datePublished\":\"2022-04-12T21:40:26+00:00\",\"dateModified\":\"2023-11-21T18:09:50+00:00\",\"description\":\"Obten beneficios de reserrva directa para una mejor estad\u00eda. \u00a1La mejor tarifa, cancelaci\u00f3n flexible, bici gratis, yoga gratis y m\u00e1s!\",\"breadcrumb\":{\"@id\":\"https:\/\/elementstulum.com\/es\/ventajas-de-reserva-directa\/#breadcrumb\"},\"inLanguage\":\"es\",\"potentialAction\":[{\"@type\":\"ReadAction\",\"target\":[\"https:\/\/elementstulum.com\/es\/ventajas-de-reserva-directa\/\"]}]},{\"@type\":\"BreadcrumbList\",\"@id\":\"https:\/\/elementstulum.com\/es\/ventajas-de-reserva-directa\/#breadcrumb\",\"itemListElement\":[{\"@type\":\"ListItem\",\"position\":1,\"name\":\"Home\",\"item\":\"https:\/\/elementstulum.com\/es\/\"},{\"@type\":\"ListItem\",\"position\":2,\"name\":\"Ventajas de reserva directa\"}]},{\"@type\":\"WebSite\",\"@id\":\"https:\/\/elementstulum.com\/#website\",\"url\":\"https:\/\/elementstulum.com\/\",\"name\":\"Elements Hotel Tulum\",\"description\":\"Boutique Hotel in Tulum\",\"publisher\":{\"@id\":\"https:\/\/elementstulum.com\/#organization\"},\"potentialAction\":[{\"@type\":\"SearchAction\",\"target\":{\"@type\":\"EntryPoint\",\"urlTemplate\":\"https:\/\/elementstulum.com\/?s={search_term_string}\"},\"query-input\":{\"@type\":\"PropertyValueSpecification\",\"valueRequired\":true,\"valueName\":\"search_term_string\"}}],\"inLanguage\":\"es\"},{\"@type\":\"Organization\",\"@id\":\"https:\/\/elementstulum.com\/#organization\",\"name\":\"Elements Boutique Hotel Tulum\",\"url\":\"https:\/\/elementstulum.com\/\",\"logo\":{\"@type\":\"ImageObject\",\"inLanguage\":\"es\",\"@id\":\"https:\/\/elementstulum.com\/#\/schema\/logo\/image\/\",\"url\":\"https:\/\/elementstulum.com\/wp-content\/uploads\/2022\/04\/logo-elements-291x69-1.png\",\"contentUrl\":\"https:\/\/elementstulum.com\/wp-content\/uploads\/2022\/04\/logo-elements-291x69-1.png\",\"width\":291,\"height\":69,\"caption\":\"Elements Boutique Hotel Tulum\"},\"image\":{\"@id\":\"https:\/\/elementstulum.com\/#\/schema\/logo\/image\/\"}}]}<\/script>\n<!-- \/ Yoast SEO plugin. -->","yoast_head_json":{"title":"Ventajas de reserva directa | Ventajas exlusivas en Elements Tulum","description":"Obten beneficios de reserrva directa para una mejor estad\u00eda. \u00a1La mejor tarifa, cancelaci\u00f3n flexible, bici gratis, yoga gratis y m\u00e1s!","robots":{"index":"index","follow":"follow","max-snippet":"max-snippet:-1","max-image-preview":"max-image-preview:large","max-video-preview":"max-video-preview:-1"},"canonical":"https:\/\/elementstulum.com\/es\/ventajas-de-reserva-directa\/","og_locale":"es_ES","og_type":"article","og_title":"Ventajas de reserva directa | Ventajas exlusivas en Elements Tulum","og_description":"Obten beneficios de reserrva directa para una mejor estad\u00eda. \u00a1La mejor tarifa, cancelaci\u00f3n flexible, bici gratis, yoga gratis y m\u00e1s!","og_url":"https:\/\/elementstulum.com\/es\/ventajas-de-reserva-directa\/","og_site_name":"Elements Hotel Tulum","article_modified_time":"2023-11-21T18:09:50+00:00","og_image":[{"width":1920,"height":740,"url":"https:\/\/elementstulum.com\/wp-content\/uploads\/2022\/04\/booking-direct-benefits-1920x740-1.jpg","type":"image\/jpeg"}],"twitter_card":"summary_large_image","twitter_misc":{"Tiempo de lectura":"3 minutos"},"schema":{"@context":"https:\/\/schema.org","@graph":[{"@type":"WebPage","@id":"https:\/\/elementstulum.com\/es\/ventajas-de-reserva-directa\/","url":"https:\/\/elementstulum.com\/es\/ventajas-de-reserva-directa\/","name":"Ventajas de reserva directa | Ventajas exlusivas en Elements Tulum","isPartOf":{"@id":"https:\/\/elementstulum.com\/#website"},"datePublished":"2022-04-12T21:40:26+00:00","dateModified":"2023-11-21T18:09:50+00:00","description":"Obten beneficios de reserrva directa para una mejor estad\u00eda. \u00a1La mejor tarifa, cancelaci\u00f3n flexible, bici gratis, yoga gratis y m\u00e1s!","breadcrumb":{"@id":"https:\/\/elementstulum.com\/es\/ventajas-de-reserva-directa\/#breadcrumb"},"inLanguage":"es","potentialAction":[{"@type":"ReadAction","target":["https:\/\/elementstulum.com\/es\/ventajas-de-reserva-directa\/"]}]},{"@type":"BreadcrumbList","@id":"https:\/\/elementstulum.com\/es\/ventajas-de-reserva-directa\/#breadcrumb","itemListElement":[{"@type":"ListItem","position":1,"name":"Home","item":"https:\/\/elementstulum.com\/es\/"},{"@type":"ListItem","position":2,"name":"Ventajas de reserva directa"}]},{"@type":"WebSite","@id":"https:\/\/elementstulum.com\/#website","url":"https:\/\/elementstulum.com\/","name":"Elements Hotel Tulum","description":"Boutique Hotel in Tulum","publisher":{"@id":"https:\/\/elementstulum.com\/#organization"},"potentialAction":[{"@type":"SearchAction","target":{"@type":"EntryPoint","urlTemplate":"https:\/\/elementstulum.com\/?s={search_term_string}"},"query-input":{"@type":"PropertyValueSpecification","valueRequired":true,"valueName":"search_term_string"}}],"inLanguage":"es"},{"@type":"Organization","@id":"https:\/\/elementstulum.com\/#organization","name":"Elements Boutique Hotel Tulum","url":"https:\/\/elementstulum.com\/","logo":{"@type":"ImageObject","inLanguage":"es","@id":"https:\/\/elementstulum.com\/#\/schema\/logo\/image\/","url":"https:\/\/elementstulum.com\/wp-content\/uploads\/2022\/04\/logo-elements-291x69-1.png","contentUrl":"https:\/\/elementstulum.com\/wp-content\/uploads\/2022\/04\/logo-elements-291x69-1.png","width":291,"height":69,"caption":"Elements Boutique Hotel Tulum"},"image":{"@id":"https:\/\/elementstulum.com\/#\/schema\/logo\/image\/"}}]}},"_links":{"self":[{"href":"https:\/\/elementstulum.com\/es\/wp-json\/wp\/v2\/pages\/320","targetHints":{"allow":["GET"]}}],"collection":[{"href":"https:\/\/elementstulum.com\/es\/wp-json\/wp\/v2\/pages"}],"about":[{"href":"https:\/\/elementstulum.com\/es\/wp-json\/wp\/v2\/types\/page"}],"author":[{"embeddable":true,"href":"https:\/\/elementstulum.com\/es\/wp-json\/wp\/v2\/users\/1"}],"replies":[{"embeddable":true,"href":"https:\/\/elementstulum.com\/es\/wp-json\/wp\/v2\/comments?post=320"}],"version-history":[{"count":8,"href":"https:\/\/elementstulum.com\/es\/wp-json\/wp\/v2\/pages\/320\/revisions"}],"predecessor-version":[{"id":429,"href":"https:\/\/elementstulum.com\/es\/wp-json\/wp\/v2\/pages\/320\/revisions\/429"}],"wp:attachment":[{"href":"https:\/\/elementstulum.com\/es\/wp-json\/wp\/v2\/media?parent=320"}],"curies":[{"name":"wp","href":"https:\/\/api.w.org\/{rel}","templated":true}]}}