{"id":318,"date":"2022-04-12T21:30:35","date_gmt":"2022-04-12T21:30:35","guid":{"rendered":"https:\/\/elementstulum.com\/breakfast-tulum\/"},"modified":"2022-10-19T19:21:14","modified_gmt":"2022-10-19T19:21:14","slug":"desayno-tulum","status":"publish","type":"page","link":"https:\/\/elementstulum.com\/es\/desayno-tulum\/","title":{"rendered":"Desayuno"},"content":{"rendered":"<div class=\"wpb-content-wrapper\"><p>[vc_row full_width=\u00bbstretch_row_content_no_spaces\u00bb bg_type=\u00bbbg_color\u00bb bg_color_value=\u00bb#ebe3db\u00bb][vc_column][vc_single_image image=\u00bb48&#8243; img_size=\u00bb1970&#215;740&#8243; alignment=\u00bbcenter\u00bb][\/vc_column][\/vc_row][vc_row full_width=\u00bbstretch_row\u00bb gap=\u00bb30&#8243; bg_type=\u00bbbg_color\u00bb bg_color_value=\u00bb#ebe3db\u00bb][vc_column width=\u00bb1\/2&#8243; offset=\u00bbvc_hidden-md vc_hidden-sm vc_hidden-xs\u00bb]<div class=\"ult-spacer spacer-69f4cc1a6edb5\" data-id=\"69f4cc1a6edb5\" data-height=\"45\" data-height-mobile=\"15\" data-height-tab=\"20\" data-height-tab-portrait=\"15\" data-height-mobile-landscape=\"15\" style=\"clear:both;display:block;\"><\/div>[vc_single_image image=\u00bb47&#8243; img_size=\u00bb600&#215;500&#8243; alignment=\u00bbcenter\u00bb style=\u00bbvc_box_outline\u00bb border_color=\u00bbwhite\u00bb][\/vc_column][vc_column width=\u00bb1\/2&#8243; offset=\u00bbvc_hidden-md vc_hidden-sm vc_hidden-xs\u00bb]<div class=\"ult-spacer spacer-69f4cc1a6edec\" data-id=\"69f4cc1a6edec\" data-height=\"65\" data-height-mobile=\"30\" data-height-tab=\"20\" data-height-tab-portrait=\"30\" data-height-mobile-landscape=\"30\" style=\"clear:both;display:block;\"><\/div>[vc_custom_heading text=\u00bbDESAYUNO EN ELEMENTS TULUM BOUTIQUE HOTEL\u00bb font_container=\u00bbtag:h1|font_size:18|text_align:left|color:%234c4b4b\u00bb google_fonts=\u00bbfont_family:Open%20Sans%3A300%2C300italic%2Cregular%2Citalic%2C600%2C600italic%2C700%2C700italic%2C800%2C800italic|font_style:400%20regular%3A400%3Anormal\u00bb][vc_custom_heading text=\u00bb\u00a1Ten un gran comienzo y luego ve a explorar Tulum!\u00bb font_container=\u00bbtag:h2|font_size:35|text_align:left|color:%234c4b4b\u00bb google_fonts=\u00bbfont_family:Roboto%3A100%2C100italic%2C300%2C300italic%2Cregular%2Citalic%2C500%2C500italic%2C700%2C700italic%2C900%2C900italic|font_style:400%20regular%3A400%3Anormal\u00bb][vc_separator color=\u00bbcustom\u00bb align=\u00bbalign_left\u00bb border_width=\u00bb3&#8243; el_width=\u00bb20&#8243; accent_color=\u00bb#c6c0be\u00bb][vc_column_text]<\/p>\n<p style=\"text-align: left; font-size: 17px; color: #4c4b4b; font-family: Open Sans; line-height: 1.5;\">Cada ma\u00f1ana en el Elements Tulum Boutique Hotel, preparamos a nuestros hu\u00e9spedes un rico desayuno hecho con productos frescos y seleccionados.<br \/>\nSin duda, es la mejor manera de empezar el d\u00eda. Tendr\u00e1s todo la energ\u00eda que necesitas antes de recorrer Tulum disfrutando de tus vacaciones.<\/p>\n<p style=\"text-align: left; font-size: 17px; color: #4c4b4b; font-family: Open Sans; line-height: 1.5;\">Adem\u00e1s, el desayuno se puede incluir en la tarifa de la habitaci\u00f3n, o se puede reservar directamente en el hotel.<\/p>\n<p style=\"text-align: left; font-size: 17px; color: #4c4b4b; font-family: Open Sans; line-height: 1.5;\">Harario desayuno: 8:00am &#8211; 11:00am<\/p>\n<p>[\/vc_column_text]<div class=\"ult-spacer spacer-69f4cc1a6ee0c\" data-id=\"69f4cc1a6ee0c\" data-height=\"30\" data-height-mobile=\"1\" data-height-tab=\"1\" data-height-tab-portrait=\"1\" data-height-mobile-landscape=\"1\" style=\"clear:both;display:block;\"><\/div>[\/vc_column][vc_column offset=\u00bbvc_hidden-md vc_hidden-sm vc_hidden-xs\u00bb]<div class=\"ult-spacer spacer-69f4cc1a6ee2a\" data-id=\"69f4cc1a6ee2a\" data-height=\"20\" data-height-mobile=\"1\" data-height-tab=\"1\" data-height-tab-portrait=\"1\" data-height-mobile-landscape=\"1\" style=\"clear:both;display:block;\"><\/div>[\/vc_column][\/vc_row][vc_row full_width=\u00bbstretch_row\u00bb bg_type=\u00bbbg_color\u00bb bg_color_value=\u00bb#ebe3db\u00bb][vc_column offset=\u00bbvc_hidden-lg\u00bb]<div class=\"ult-spacer spacer-69f4cc1a6ee48\" data-id=\"69f4cc1a6ee48\" data-height=\"30\" data-height-mobile=\"10\" data-height-tab=\"10\" data-height-tab-portrait=\"10\" data-height-mobile-landscape=\"10\" style=\"clear:both;display:block;\"><\/div>[vc_custom_heading text=\u00bbDESAYUNO EN ELEMENTS TULUM BOUTIQUE HOTEL\u00bb font_container=\u00bbtag:h3|font_size:18|text_align:left|color:%234c4b4b\u00bb google_fonts=\u00bbfont_family:Open%20Sans%3A300%2C300italic%2Cregular%2Citalic%2C600%2C600italic%2C700%2C700italic%2C800%2C800italic|font_style:400%20regular%3A400%3Anormal\u00bb][vc_custom_heading text=\u00bb\u00a1Ten un gran comienzo y luego ve a explorar Tulum!\u00bb font_container=\u00bbtag:h4|font_size:35|text_align:left|color:%234c4b4b\u00bb google_fonts=\u00bbfont_family:Roboto%3A100%2C100italic%2C300%2C300italic%2Cregular%2Citalic%2C500%2C500italic%2C700%2C700italic%2C900%2C900italic|font_style:400%20regular%3A400%3Anormal\u00bb][vc_separator color=\u00bbcustom\u00bb align=\u00bbalign_left\u00bb border_width=\u00bb3&#8243; el_width=\u00bb20&#8243; accent_color=\u00bb#c6c0be\u00bb][vc_column_text]<\/p>\n<p style=\"text-align: left; font-size: 15px; color: #4c4b4b; font-family: Open Sans; line-height: 1.5;\">Cada ma\u00f1ana en el Elements Tulum Boutique Hotel, preparamos a nuestros hu\u00e9spedes un rico desayuno hecho con productos frescos y seleccionados.<br \/>\nSin duda, es la mejor manera de empezar el d\u00eda. Tendr\u00e1s todo la energ\u00eda que necesitas antes de recorrer Tulum disfrutando de tus vacaciones.<\/p>\n<p style=\"text-align: left; font-size: 15px; color: #4c4b4b; font-family: Open Sans; line-height: 1.5;\">Adem\u00e1s, el desayuno se puede incluir en la tarifa de la habitaci\u00f3n, o se puede reservar directamente en el hotel.<\/p>\n<p style=\"text-align: left; font-size: 15px; color: #4c4b4b; font-family: Open Sans; line-height: 1.5;\">Harario desayuno: 8:00am &#8211; 11:00am<\/p>\n<p>[\/vc_column_text]<div class=\"ult-spacer spacer-69f4cc1a6ee63\" data-id=\"69f4cc1a6ee63\" data-height=\"50\" data-height-mobile=\"15\" data-height-tab=\"20\" data-height-tab-portrait=\"15\" data-height-mobile-landscape=\"15\" style=\"clear:both;display:block;\"><\/div>[\/vc_column][\/vc_row][vc_row full_width=\u00bbstretch_row\u00bb bg_type=\u00bbimage\u00bb parallax_style=\u00bbvcpb-default\u00bb bg_image_new=\u00bbid^77|url^https:\/\/elementstulum.com\/wp-content\/uploads\/2022\/04\/BG-ELM-1920X1000.jpg|caption^null|alt^null|title^BG-ELM-1920X1000|description^null\u00bb bg_image_repeat=\u00bbno-repeat\u00bb bg_img_attach=\u00bbfixed\u00bb][vc_column el_class=\u00bbrs_col-sm-12&#8243; offset=\u00bbvc_hidden-md vc_hidden-sm vc_hidden-xs\u00bb]<div class=\"ult-spacer spacer-69f4cc1a6ee7f\" data-id=\"69f4cc1a6ee7f\" data-height=\"50\" data-height-mobile=\"20\" data-height-tab=\"20\" data-height-tab-portrait=\"20\" data-height-mobile-landscape=\"20\" style=\"clear:both;display:block;\"><\/div>[vc_column_text]<\/p>\n<h5 style=\"text-align: center; font-size: 40px; color: #ffffff; text-shadow: 2px 2px 4px #000000; font-family: Roboto;\">Gran ubicaci\u00f3n, confort acogedor<br \/>\ny personal atento.<\/h5>\n<p>[\/vc_column_text]<div class=\" ubtn-ctn-center \"><a class=\"ubtn-link ult-adjust-bottom-margin ubtn-center ubtn-custom \" href=\"https:\/\/hotels.cloudbeds.com\/reservation\/etWrsc#checkin=2022-08-02&checkout=2022-08-03\" title=\"BOOK NOW\" target=\"_blank\" rel=\"noopener\" ><button type=\"button\" id=\"ubtn-8003\"  class=\"ubtn ult-adjust-bottom-margin ult-responsive ubtn-custom ubtn-no-hover-bg  none  ubtn-center   tooltip-69f4cc1a6eea8\"  data-hover=\"#ffffff\" data-border-color=\"#a39482\" data-bg=\"#e9d4c3\" data-hover-bg=\"#a39482\" data-border-hover=\"\" data-shadow-hover=\"\" data-shadow-click=\"none\" data-shadow=\"\" data-shd-shadow=\"\"  data-ultimate-target='#ubtn-8003'  data-responsive-json-new='{\"font-size\":\"desktop:17px;\",\"line-height\":\"\"}'  style=\"font-weight:normal;width:160px;min-height:50px;padding:px px;border-radius:30px;border-width:1px;border-color:#a39482;border-style:solid;background: #e9d4c3;color: #4c4b4b;\"><span class=\"ubtn-hover\" style=\"background-color:#a39482\"><\/span><span class=\"ubtn-data ubtn-text \" >RESERVAR<\/span><\/button><\/a><\/div><div class=\"ult-spacer spacer-69f4cc1a6ef57\" data-id=\"69f4cc1a6ef57\" data-height=\"50\" data-height-mobile=\"20\" data-height-tab=\"20\" data-height-tab-portrait=\"20\" data-height-mobile-landscape=\"20\" style=\"clear:both;display:block;\"><\/div>[\/vc_column][\/vc_row][vc_row full_width=\u00bbstretch_row\u00bb css=\u00bb.vc_custom_1649799235835{background-image: url(https:\/\/elementstulum.com\/wp-content\/uploads\/2022\/04\/BG-ELM-1920X1000.jpg?id=77) !important;background-position: center !important;background-repeat: no-repeat !important;background-size: cover !important;}\u00bb][vc_column el_class=\u00bbrs_col-sm-12&#8243; offset=\u00bbvc_hidden-lg\u00bb]<div class=\"ult-spacer spacer-69f4cc1a6ef74\" data-id=\"69f4cc1a6ef74\" data-height=\"50\" data-height-mobile=\"40\" data-height-tab=\"40\" data-height-tab-portrait=\"40\" data-height-mobile-landscape=\"40\" style=\"clear:both;display:block;\"><\/div>[vc_column_text]<\/p>\n<h5 style=\"text-align: center; font-size: 40px; color: #ffffff; text-shadow: 2px 2px 4px #000000; font-family: Roboto;\">Gran ubicaci\u00f3n, confort acogedor<br \/>\ny personal atento.<\/h5>\n<p>[\/vc_column_text]<div class=\" ubtn-ctn-center \"><a class=\"ubtn-link ult-adjust-bottom-margin ubtn-center ubtn-custom \" href=\"https:\/\/hotels.cloudbeds.com\/reservation\/etWrsc#checkin=2022-08-02&checkout=2022-08-03\" title=\"BOOK NOW\" target=\"_blank\" rel=\"noopener\" ><button type=\"button\" id=\"ubtn-3304\"  class=\"ubtn ult-adjust-bottom-margin ult-responsive ubtn-custom ubtn-no-hover-bg  none  ubtn-center   tooltip-69f4cc1a6ef9a\"  data-hover=\"#ffffff\" data-border-color=\"#a39482\" data-bg=\"#e9d4c3\" data-hover-bg=\"#a39482\" data-border-hover=\"\" data-shadow-hover=\"\" data-shadow-click=\"none\" data-shadow=\"\" data-shd-shadow=\"\"  data-ultimate-target='#ubtn-3304'  data-responsive-json-new='{\"font-size\":\"desktop:17px;\",\"line-height\":\"\"}'  style=\"font-weight:normal;width:160px;min-height:50px;padding:px px;border-radius:30px;border-width:1px;border-color:#a39482;border-style:solid;background: #e9d4c3;color: #4c4b4b;\"><span class=\"ubtn-hover\" style=\"background-color:#a39482\"><\/span><span class=\"ubtn-data ubtn-text \" >RESERVAR<\/span><\/button><\/a><\/div><div class=\"ult-spacer spacer-69f4cc1a6efe1\" data-id=\"69f4cc1a6efe1\" data-height=\"50\" data-height-mobile=\"20\" data-height-tab=\"20\" data-height-tab-portrait=\"20\" data-height-mobile-landscape=\"20\" style=\"clear:both;display:block;\"><\/div>[\/vc_column][\/vc_row]<\/p>\n<\/div>","protected":false},"excerpt":{"rendered":"<p>[vc_row full_width=\u00bbstretch_row_content_no_spaces\u00bb bg_type=\u00bbbg_color\u00bb bg_color_value=\u00bb#ebe3db\u00bb][vc_column][vc_single_image image=\u00bb48&#8243; img_size=\u00bb1970&#215;740&#8243; alignment=\u00bbcenter\u00bb][\/vc_column][\/vc_row][vc_row full_width=\u00bbstretch_row\u00bb gap=\u00bb30&#8243; bg_type=\u00bbbg_color\u00bb bg_color_value=\u00bb#ebe3db\u00bb][vc_column width=\u00bb1\/2&#8243; offset=\u00bbvc_hidden-md vc_hidden-sm vc_hidden-xs\u00bb][vc_single_image image=\u00bb47&#8243; img_size=\u00bb600&#215;500&#8243; alignment=\u00bbcenter\u00bb style=\u00bbvc_box_outline\u00bb border_color=\u00bbwhite\u00bb][\/vc_column][vc_column width=\u00bb1\/2&#8243; offset=\u00bbvc_hidden-md vc_hidden-sm vc_hidden-xs\u00bb][vc_custom_heading text=\u00bbDESAYUNO EN ELEMENTS TULUM BOUTIQUE HOTEL\u00bb font_container=\u00bbtag:h1|font_size:18|text_align:left|color:%234c4b4b\u00bb google_fonts=\u00bbfont_family:Open%20Sans%3A300%2C300italic%2Cregular%2Citalic%2C600%2C600italic%2C700%2C700italic%2C800%2C800italic|font_style:400%20regular%3A400%3Anormal\u00bb][vc_custom_heading text=\u00bb\u00a1Ten un gran comienzo y luego ve a explorar Tulum!\u00bb font_container=\u00bbtag:h2|font_size:35|text_align:left|color:%234c4b4b\u00bb google_fonts=\u00bbfont_family:Roboto%3A100%2C100italic%2C300%2C300italic%2Cregular%2Citalic%2C500%2C500italic%2C700%2C700italic%2C900%2C900italic|font_style:400%20regular%3A400%3Anormal\u00bb][vc_separator color=\u00bbcustom\u00bb align=\u00bbalign_left\u00bb border_width=\u00bb3&#8243; el_width=\u00bb20&#8243; accent_color=\u00bb#c6c0be\u00bb][vc_column_text] Cada ma\u00f1ana en el Elements Tulum [&hellip;]<\/p>\n","protected":false},"author":1,"featured_media":0,"parent":0,"menu_order":0,"comment_status":"closed","ping_status":"closed","template":"","meta":{"_joinchat":[],"footnotes":""},"class_list":["post-318","page","type-page","status-publish","hentry"],"yoast_head":"<!-- This site is optimized with the Yoast SEO plugin v26.0 - https:\/\/yoast.com\/wordpress\/plugins\/seo\/ -->\n<title>Desayuno Elements Tulum Hotel | Opci\u00f3n habitaci\u00f3n + desayuno<\/title>\n<meta name=\"description\" content=\"Desayuna en Elements Hotel Tulum para empezar el d\u00eda. Puedes comprar tu desayuno junto con la habitaci\u00f3n o reservarlo al llegar al hotel.\" \/>\n<meta name=\"robots\" content=\"index, follow, max-snippet:-1, max-image-preview:large, max-video-preview:-1\" \/>\n<link rel=\"canonical\" href=\"https:\/\/elementstulum.com\/es\/desayno-tulum\/\" \/>\n<meta property=\"og:locale\" content=\"es_ES\" \/>\n<meta property=\"og:type\" content=\"article\" \/>\n<meta property=\"og:title\" content=\"Breakfast at Elements Boutique Hotel Tulum\" \/>\n<meta property=\"og:description\" content=\"Have you breakfast at Elements Hotel Tulum to start your day. You can book it together with your room or choose it once you are at the hotel.\" \/>\n<meta property=\"og:url\" content=\"https:\/\/elementstulum.com\/es\/desayno-tulum\/\" \/>\n<meta property=\"og:site_name\" content=\"Elements Hotel Tulum\" \/>\n<meta property=\"article:modified_time\" content=\"2022-10-19T19:21:14+00:00\" \/>\n<meta property=\"og:image\" content=\"https:\/\/elementstulum.com\/wp-content\/uploads\/2022\/04\/breakfast-elements-hotel-1920x740-1.jpg\" \/>\n\t<meta property=\"og:image:width\" content=\"1920\" \/>\n\t<meta property=\"og:image:height\" content=\"740\" \/>\n\t<meta property=\"og:image:type\" content=\"image\/jpeg\" \/>\n<meta name=\"twitter:card\" content=\"summary_large_image\" \/>\n<meta name=\"twitter:label1\" content=\"Tiempo de lectura\" \/>\n\t<meta name=\"twitter:data1\" content=\"2 minutos\" \/>\n<script type=\"application\/ld+json\" class=\"yoast-schema-graph\">{\"@context\":\"https:\/\/schema.org\",\"@graph\":[{\"@type\":\"WebPage\",\"@id\":\"https:\/\/elementstulum.com\/es\/desayno-tulum\/\",\"url\":\"https:\/\/elementstulum.com\/es\/desayno-tulum\/\",\"name\":\"Desayuno Elements Tulum Hotel | Opci\u00f3n habitaci\u00f3n + desayuno\",\"isPartOf\":{\"@id\":\"https:\/\/elementstulum.com\/#website\"},\"datePublished\":\"2022-04-12T21:30:35+00:00\",\"dateModified\":\"2022-10-19T19:21:14+00:00\",\"description\":\"Desayuna en Elements Hotel Tulum para empezar el d\u00eda. Puedes comprar tu desayuno junto con la habitaci\u00f3n o reservarlo al llegar al hotel.\",\"breadcrumb\":{\"@id\":\"https:\/\/elementstulum.com\/es\/desayno-tulum\/#breadcrumb\"},\"inLanguage\":\"es\",\"potentialAction\":[{\"@type\":\"ReadAction\",\"target\":[\"https:\/\/elementstulum.com\/es\/desayno-tulum\/\"]}]},{\"@type\":\"BreadcrumbList\",\"@id\":\"https:\/\/elementstulum.com\/es\/desayno-tulum\/#breadcrumb\",\"itemListElement\":[{\"@type\":\"ListItem\",\"position\":1,\"name\":\"Home\",\"item\":\"https:\/\/elementstulum.com\/es\/\"},{\"@type\":\"ListItem\",\"position\":2,\"name\":\"Desayuno\"}]},{\"@type\":\"WebSite\",\"@id\":\"https:\/\/elementstulum.com\/#website\",\"url\":\"https:\/\/elementstulum.com\/\",\"name\":\"Elements Hotel Tulum\",\"description\":\"Boutique Hotel in Tulum\",\"publisher\":{\"@id\":\"https:\/\/elementstulum.com\/#organization\"},\"potentialAction\":[{\"@type\":\"SearchAction\",\"target\":{\"@type\":\"EntryPoint\",\"urlTemplate\":\"https:\/\/elementstulum.com\/?s={search_term_string}\"},\"query-input\":{\"@type\":\"PropertyValueSpecification\",\"valueRequired\":true,\"valueName\":\"search_term_string\"}}],\"inLanguage\":\"es\"},{\"@type\":\"Organization\",\"@id\":\"https:\/\/elementstulum.com\/#organization\",\"name\":\"Elements Boutique Hotel Tulum\",\"url\":\"https:\/\/elementstulum.com\/\",\"logo\":{\"@type\":\"ImageObject\",\"inLanguage\":\"es\",\"@id\":\"https:\/\/elementstulum.com\/#\/schema\/logo\/image\/\",\"url\":\"https:\/\/elementstulum.com\/wp-content\/uploads\/2022\/04\/logo-elements-291x69-1.png\",\"contentUrl\":\"https:\/\/elementstulum.com\/wp-content\/uploads\/2022\/04\/logo-elements-291x69-1.png\",\"width\":291,\"height\":69,\"caption\":\"Elements Boutique Hotel Tulum\"},\"image\":{\"@id\":\"https:\/\/elementstulum.com\/#\/schema\/logo\/image\/\"}}]}<\/script>\n<!-- \/ Yoast SEO plugin. -->","yoast_head_json":{"title":"Desayuno Elements Tulum Hotel | Opci\u00f3n habitaci\u00f3n + desayuno","description":"Desayuna en Elements Hotel Tulum para empezar el d\u00eda. Puedes comprar tu desayuno junto con la habitaci\u00f3n o reservarlo al llegar al hotel.","robots":{"index":"index","follow":"follow","max-snippet":"max-snippet:-1","max-image-preview":"max-image-preview:large","max-video-preview":"max-video-preview:-1"},"canonical":"https:\/\/elementstulum.com\/es\/desayno-tulum\/","og_locale":"es_ES","og_type":"article","og_title":"Breakfast at Elements Boutique Hotel Tulum","og_description":"Have you breakfast at Elements Hotel Tulum to start your day. You can book it together with your room or choose it once you are at the hotel.","og_url":"https:\/\/elementstulum.com\/es\/desayno-tulum\/","og_site_name":"Elements Hotel Tulum","article_modified_time":"2022-10-19T19:21:14+00:00","og_image":[{"width":1920,"height":740,"url":"https:\/\/elementstulum.com\/wp-content\/uploads\/2022\/04\/breakfast-elements-hotel-1920x740-1.jpg","type":"image\/jpeg"}],"twitter_card":"summary_large_image","twitter_misc":{"Tiempo de lectura":"2 minutos"},"schema":{"@context":"https:\/\/schema.org","@graph":[{"@type":"WebPage","@id":"https:\/\/elementstulum.com\/es\/desayno-tulum\/","url":"https:\/\/elementstulum.com\/es\/desayno-tulum\/","name":"Desayuno Elements Tulum Hotel | Opci\u00f3n habitaci\u00f3n + desayuno","isPartOf":{"@id":"https:\/\/elementstulum.com\/#website"},"datePublished":"2022-04-12T21:30:35+00:00","dateModified":"2022-10-19T19:21:14+00:00","description":"Desayuna en Elements Hotel Tulum para empezar el d\u00eda. Puedes comprar tu desayuno junto con la habitaci\u00f3n o reservarlo al llegar al hotel.","breadcrumb":{"@id":"https:\/\/elementstulum.com\/es\/desayno-tulum\/#breadcrumb"},"inLanguage":"es","potentialAction":[{"@type":"ReadAction","target":["https:\/\/elementstulum.com\/es\/desayno-tulum\/"]}]},{"@type":"BreadcrumbList","@id":"https:\/\/elementstulum.com\/es\/desayno-tulum\/#breadcrumb","itemListElement":[{"@type":"ListItem","position":1,"name":"Home","item":"https:\/\/elementstulum.com\/es\/"},{"@type":"ListItem","position":2,"name":"Desayuno"}]},{"@type":"WebSite","@id":"https:\/\/elementstulum.com\/#website","url":"https:\/\/elementstulum.com\/","name":"Elements Hotel Tulum","description":"Boutique Hotel in Tulum","publisher":{"@id":"https:\/\/elementstulum.com\/#organization"},"potentialAction":[{"@type":"SearchAction","target":{"@type":"EntryPoint","urlTemplate":"https:\/\/elementstulum.com\/?s={search_term_string}"},"query-input":{"@type":"PropertyValueSpecification","valueRequired":true,"valueName":"search_term_string"}}],"inLanguage":"es"},{"@type":"Organization","@id":"https:\/\/elementstulum.com\/#organization","name":"Elements Boutique Hotel Tulum","url":"https:\/\/elementstulum.com\/","logo":{"@type":"ImageObject","inLanguage":"es","@id":"https:\/\/elementstulum.com\/#\/schema\/logo\/image\/","url":"https:\/\/elementstulum.com\/wp-content\/uploads\/2022\/04\/logo-elements-291x69-1.png","contentUrl":"https:\/\/elementstulum.com\/wp-content\/uploads\/2022\/04\/logo-elements-291x69-1.png","width":291,"height":69,"caption":"Elements Boutique Hotel Tulum"},"image":{"@id":"https:\/\/elementstulum.com\/#\/schema\/logo\/image\/"}}]}},"_links":{"self":[{"href":"https:\/\/elementstulum.com\/es\/wp-json\/wp\/v2\/pages\/318","targetHints":{"allow":["GET"]}}],"collection":[{"href":"https:\/\/elementstulum.com\/es\/wp-json\/wp\/v2\/pages"}],"about":[{"href":"https:\/\/elementstulum.com\/es\/wp-json\/wp\/v2\/types\/page"}],"author":[{"embeddable":true,"href":"https:\/\/elementstulum.com\/es\/wp-json\/wp\/v2\/users\/1"}],"replies":[{"embeddable":true,"href":"https:\/\/elementstulum.com\/es\/wp-json\/wp\/v2\/comments?post=318"}],"version-history":[{"count":5,"href":"https:\/\/elementstulum.com\/es\/wp-json\/wp\/v2\/pages\/318\/revisions"}],"predecessor-version":[{"id":359,"href":"https:\/\/elementstulum.com\/es\/wp-json\/wp\/v2\/pages\/318\/revisions\/359"}],"wp:attachment":[{"href":"https:\/\/elementstulum.com\/es\/wp-json\/wp\/v2\/media?parent=318"}],"curies":[{"name":"wp","href":"https:\/\/api.w.org\/{rel}","templated":true}]}}